{"id":1839,"date":"2018-09-19T12:30:25","date_gmt":"2018-09-19T16:30:25","guid":{"rendered":"http:\/\/charplexe.ca\/?page_id=1839"},"modified":"2018-09-19T12:30:25","modified_gmt":"2018-09-19T16:30:25","slug":"politique-de-confidentialite","status":"publish","type":"page","link":"http:\/\/charplexe.ca\/en\/politique-de-confidentialite\/","title":{"rendered":"Politique de Confidentialit\u00e9"},"content":{"rendered":"<p><strong><u>POLITIQUE DE CONFIDENTIALIT\u00c9<\/u><\/strong><\/p>\n<p>La pr\u00e9sente politique de confidentialit\u00e9 \u00e9nonce la fa\u00e7on dont nous recueillons, utilisons, communiquons et divulguons les renseignements personnels fournis par les utilisateurs de ce site Web.<\/p>\n<p><strong>Collecte, utilisation et diffusion des renseignements<\/strong><\/p>\n<p>Nous sommes les seuls propri\u00e9taires des renseignements recueillis sur ce site Web. Les seuls renseignements auxquels nous avons acc\u00e8s et que nous recueillons sont ceux que vous nous fournissez volontairement par courriel ou tout autre mode de contact direct. Nous ne vendrons ni ne louerons ces renseignements \u00e0 quiconque.<\/p>\n<p>Nous utiliserons ces renseignements personnels pour vous r\u00e9pondre concernant la raison pour laquelle vous avez communiqu\u00e9 avec nous. Au besoin, nous pourrions communiquer vos renseignements personnels \u00e0 nos partenaires d\u2019affaires dans le cadre des services que ceux-ci ex\u00e9cutent pour nous. Nous pouvons \u00e9galement utiliser ces renseignements pour vous communiquer du mat\u00e9riel de marketing ou promotionnel concernant nos produits, nos programmes et nos services.<\/p>\n<p><strong>Votre consentement<\/strong><\/p>\n<p>En nous fournissant vos renseignements personnels, vous consentez \u00e0 ce que nous les recueillions, utilisions et communiquions de la mani\u00e8re d\u00e9crite dans la pr\u00e9sente politique de confidentialit\u00e9.<\/p>\n<p>Si vous nous avez soumis des renseignements personnels et souhaitez retirer votre consentement \u00e0 leur r\u00e9tention, utilisation ou communication, veuillez nous envoyer un courriel \u00e0<u> hcastonguay@charplexe.ca<\/u> Si vous retirez votre consentement, il est possible que nous ne puissions plus vous fournir certains produits ou services.<\/p>\n<p><strong>S\u00e9curit\u00e9<\/strong><strong>\u00a0<\/strong><\/p>\n<p><strong>Nous prenons des pr\u00e9cautions pour prot\u00e9ger vos renseignements. Lorsque vous soumettez des renseignements vous concernant par l\u2019entremise de ce site Web, ces renseignements sont prot\u00e9g\u00e9s en ligne et hors ligne<\/strong>. Cependant, nous ne sommes pas responsables des pratiques des sites Web ou des services li\u00e9s depuis ou vers ce site Web, y compris des renseignements et du contenu que ceux-ci renferment.<\/p>\n<p><strong>T\u00e9moins (\u00ab\u00a0cookies\u00a0\u00bb)<\/strong><\/p>\n<p>Nous pouvons utiliser des t\u00e9moins (\u00ab\u00a0cookies\u00a0\u00bb) sur ce site Web. Un cookie est un ensemble de donn\u00e9es stock\u00e9 sur le disque dur des utilisateurs de notre site Web pour nous aider \u00e0 am\u00e9liorer leur acc\u00e8s \u00e0 celui-ci et \u00e0 les identifier quand ils y reviennent. Les cookies peuvent aussi nous permettre de d\u00e9couvrir et de cibler les champs d\u2019int\u00e9r\u00eat des utilisateurs de notre site Web pour am\u00e9liorer l\u2019exp\u00e9rience qui leur est offerte. L\u2019utilisation d\u2019un cookie n\u2019est nullement reli\u00e9e \u00e0 des renseignements personnels permettant de vous identifier sur notre site Web. Certains de nos partenaires d\u2019affaires peuvent utiliser des cookies sur notre site Web, mais nous n\u2019avons aucun acc\u00e8s \u00e0 ces cookies ni aucun contr\u00f4le sur ceux-ci.<\/p>\n<p><strong>Loi applicable<\/strong><\/p>\n<p>La pr\u00e9sente politique de confidentialit\u00e9 et son interpr\u00e9tation sont r\u00e9gies par les lois de la province de Qu\u00e9bec et par les lois f\u00e9d\u00e9rales du Canada qui s\u2019y appliquent. Les parties aux pr\u00e9sentes acceptent de se soumettre \u00e0 la comp\u00e9tence exclusive des tribunaux de ladite province, sauf si la loi l\u2019interdit.<\/p>\n<p>Si vous avez des pr\u00e9occupations concernant la pr\u00e9sente politique de confidentialit\u00e9, veuillez envoyer une courte explication de vos pr\u00e9occupations par courriel \u00e0 hcastonguay@charplexe.ca.<\/p>\n","protected":false},"excerpt":{"rendered":"<p>POLITIQUE DE CONFIDENTIALIT\u00c9 La pr\u00e9sente politique de confidentialit\u00e9 \u00e9nonce la fa\u00e7on dont nous recueillons, utilisons, communiquons et divulguons les renseignements personnels fournis par les utilisateurs de ce site Web. Collecte, utilisation et diffusion des renseignements Nous sommes les seuls propri\u00e9taires des renseignements recueillis sur ce site Web. Les seuls renseignements auxquels nous avons acc\u00e8s et [&hellip;]<\/p>\n","protected":false},"author":8,"featured_media":0,"parent":0,"menu_order":0,"comment_status":"closed","ping_status":"closed","template":"","meta":{"footnotes":""},"class_list":["post-1839","page","type-page","status-publish","hentry"],"translation":{"provider":"WPGlobus","version":"3.0.2","language":"en","enabled_languages":["fr","en"],"languages":{"fr":{"title":true,"content":true,"excerpt":false},"en":{"title":false,"content":false,"excerpt":false}}},"_links":{"self":[{"href":"http:\/\/charplexe.ca\/en\/wp-json\/wp\/v2\/pages\/1839","targetHints":{"allow":["GET"]}}],"collection":[{"href":"http:\/\/charplexe.ca\/en\/wp-json\/wp\/v2\/pages"}],"about":[{"href":"http:\/\/charplexe.ca\/en\/wp-json\/wp\/v2\/types\/page"}],"author":[{"embeddable":true,"href":"http:\/\/charplexe.ca\/en\/wp-json\/wp\/v2\/users\/8"}],"replies":[{"embeddable":true,"href":"http:\/\/charplexe.ca\/en\/wp-json\/wp\/v2\/comments?post=1839"}],"version-history":[{"count":2,"href":"http:\/\/charplexe.ca\/en\/wp-json\/wp\/v2\/pages\/1839\/revisions"}],"predecessor-version":[{"id":1841,"href":"http:\/\/charplexe.ca\/en\/wp-json\/wp\/v2\/pages\/1839\/revisions\/1841"}],"wp:attachment":[{"href":"http:\/\/charplexe.ca\/en\/wp-json\/wp\/v2\/media?parent=1839"}],"curies":[{"name":"wp","href":"https:\/\/api.w.org\/{rel}","templated":true}]}}