{"id":2242,"date":"2020-02-03T18:10:23","date_gmt":"2020-02-03T23:10:23","guid":{"rendered":"http:\/\/charplexe.ca\/?page_id=2242"},"modified":"2020-02-10T11:31:59","modified_gmt":"2020-02-10T16:31:59","slug":"maisons-projet-des-quatre-vents-lotus-jumele","status":"publish","type":"page","link":"http:\/\/charplexe.ca\/en\/maisons-projet-des-quatre-vents-lotus-jumele\/","title":{"rendered":"LOTUS JUMEL\u00c9"},"content":{"rendered":"<p>MAISON JUMEL\u00c9E<\/p>\n<h5><u><\/u><u>FA\u00c7ADE<\/u><\/h5>\n<p><a href=\"http:\/\/charplexe.ca\/wp-content\/uploads\/2020\/02\/MOD\u00c8LE-LOTUS-JUMEL\u00c9-Facade.jpg\"><img loading=\"lazy\" decoding=\"async\" class=\"alignnone wp-image-2244\" src=\"http:\/\/charplexe.ca\/wp-content\/uploads\/2020\/02\/MOD\u00c8LE-LOTUS-JUMEL\u00c9-Facade.jpg\" alt=\"\" width=\"543\" height=\"397\" srcset=\"http:\/\/charplexe.ca\/wp-content\/uploads\/2020\/02\/MOD\u00c8LE-LOTUS-JUMEL\u00c9-Facade.jpg 1322w, http:\/\/charplexe.ca\/wp-content\/uploads\/2020\/02\/MOD\u00c8LE-LOTUS-JUMEL\u00c9-Facade-300x219.jpg 300w, http:\/\/charplexe.ca\/wp-content\/uploads\/2020\/02\/MOD\u00c8LE-LOTUS-JUMEL\u00c9-Facade-1024x748.jpg 1024w, http:\/\/charplexe.ca\/wp-content\/uploads\/2020\/02\/MOD\u00c8LE-LOTUS-JUMEL\u00c9-Facade-768x561.jpg 768w\" sizes=\"auto, (max-width: 543px) 100vw, 543px\" \/><\/a><\/p>\n<h5><\/h5>\n<h5><\/h5>\n<h5 style=\"text-align: center;\"><strong>** Il ne reste que la maison mod\u00e8le \u00e0 vendre ** <\/strong><\/h5>\n<p><strong>*** CL\u00c9 EN MAIN *** Elle n\u2019attend que vos meubles !!!<\/strong><\/p>\n<p>Nous vous offrons le mod\u00e8le <strong>LOTUS JUMEL\u00c9 de 3 chambres \u00e0 coucher<\/strong>.\u00a0 Une magnifique et spacieuse maison, faisant plus de 25\u2019 de largeur x 41\u2019 de profondeur!<\/p>\n<p>Cette unit\u00e9 est pratique, confortable et tr\u00e8s lumineuse. \u00a0Elle saura vous charmer, entre autres, gr\u00e2ce \u00e0 sa grande cuisine \u00e0 aire ouverte, munie de nombreuses armoires et d\u2019un \u00eelot central, donnant sur la salle familiale du rez-de-chauss\u00e9e<\/p>\n<p>Le <strong>LOTUS JUMEL\u00c9<\/strong> est tout aussi beau \u00e0 l\u2019\u00e9tage!\u00a0 Vous serez conquis par l\u2019invitante chambre des ma\u00eetres poss\u00e9dant un pratique walk-in et une salle de bain priv\u00e9e avec douche vitr\u00e9e en c\u00e9ramique!\u00a0\u00a0 \u00c9galement, 2 autres grandes chambres ainsi qu\u2019une <strong>2e salle de bain compl\u00e8te<\/strong>, utile et fonctionnelle pour toute la famille.<\/p>\n<p><strong><u>Entre autres inclusions<\/u><\/strong> :<\/p>\n<p>&#8211; Syst\u00e8me central souffl\u00e9 \u00e0 air chaud 2,5 tonnes<br \/>\n&#8211; Planchers de couleur, en bois franc \u00e0 l\u2019\u00e9tage ainsi qu\u2019au rez-de-chauss\u00e9e<br \/>\n&#8211; Rampes d\u2019escalier faites de bois et de m\u00e9tal<br \/>\n&#8211; Robinetterie, lavabo, baignoire, portes et boiseries int\u00e9rieures ZEN<br \/>\n&#8211; Armoires de cuisine m\u00e9lamine bas et PCM blanc lustr\u00e9 haut<br \/>\n&#8211; Dosseret de c\u00e9ramique cuisine<br \/>\n&#8211; Luminaires int\u00e9rieurs et ext\u00e9rieurs ainsi que la hotte de cuisini\u00e8re<br \/>\n&#8211; Grand sous-sol avec tapis<br \/>\n&#8211; Drains au sous-sol pour future douche, toilette et lavabo<br \/>\n&#8211; Syst\u00e8me d&#8217;alarme<br \/>\n&#8211; Pr\u00e9-filage pour c\u00e2ble, t\u00e9l\u00e9phone<br \/>\n&#8211; Tuyauterie pour aspirateur central dans les murs sur les 3 \u00e9tages<br \/>\n&#8211; \u00c9changeur d\u2019air r\u00e9cup\u00e9rateur de chaleur<br \/>\n&#8211; R\u00e9servoir \u00e0 eau chaude de 60 gallons<br \/>\n&#8211; Entr\u00e9e \u00e9lectrique de 200 amp\u00e8res<br \/>\n&#8211; Garage int\u00e9gr\u00e9<\/p>\n<h5><\/h5>\n<h5><strong><u>PLANS PLANCHERS<\/u><\/strong><\/h5>\n<p><a href=\"http:\/\/charplexe.ca\/wp-content\/uploads\/2020\/02\/Lotus-STD-plancher-1.jpg\"><img loading=\"lazy\" decoding=\"async\" class=\"wp-image-2234 alignleft\" src=\"http:\/\/charplexe.ca\/wp-content\/uploads\/2020\/02\/Lotus-STD-plancher-1.jpg\" alt=\"\" width=\"400\" height=\"624\" srcset=\"http:\/\/charplexe.ca\/wp-content\/uploads\/2020\/02\/Lotus-STD-plancher-1.jpg 1320w, http:\/\/charplexe.ca\/wp-content\/uploads\/2020\/02\/Lotus-STD-plancher-1-192x300.jpg 192w, http:\/\/charplexe.ca\/wp-content\/uploads\/2020\/02\/Lotus-STD-plancher-1-656x1024.jpg 656w, http:\/\/charplexe.ca\/wp-content\/uploads\/2020\/02\/Lotus-STD-plancher-1-768x1199.jpg 768w, http:\/\/charplexe.ca\/wp-content\/uploads\/2020\/02\/Lotus-STD-plancher-1-984x1536.jpg 984w, http:\/\/charplexe.ca\/wp-content\/uploads\/2020\/02\/Lotus-STD-plancher-1-1312x2048.jpg 1312w\" sizes=\"auto, (max-width: 400px) 100vw, 400px\" \/><\/a><\/p>\n<p><a href=\"http:\/\/charplexe.ca\/wp-content\/uploads\/2020\/02\/Plancher-2-1.jpg\"><img loading=\"lazy\" decoding=\"async\" class=\"alignright wp-image-2246\" src=\"http:\/\/charplexe.ca\/wp-content\/uploads\/2020\/02\/Plancher-2-1.jpg\" alt=\"\" width=\"400\" height=\"624\" srcset=\"http:\/\/charplexe.ca\/wp-content\/uploads\/2020\/02\/Plancher-2-1.jpg 1321w, http:\/\/charplexe.ca\/wp-content\/uploads\/2020\/02\/Plancher-2-1-192x300.jpg 192w, http:\/\/charplexe.ca\/wp-content\/uploads\/2020\/02\/Plancher-2-1-656x1024.jpg 656w, http:\/\/charplexe.ca\/wp-content\/uploads\/2020\/02\/Plancher-2-1-768x1198.jpg 768w, http:\/\/charplexe.ca\/wp-content\/uploads\/2020\/02\/Plancher-2-1-985x1536.jpg 985w, http:\/\/charplexe.ca\/wp-content\/uploads\/2020\/02\/Plancher-2-1-1313x2048.jpg 1313w\" sizes=\"auto, (max-width: 400px) 100vw, 400px\" \/><\/a><\/p>\n<h5 style=\"text-align: center;\"><\/h5>\n<p><a href=\"http:\/\/charplexe.ca\/wp-content\/uploads\/2020\/02\/Plancher-3-1.jpg\"><img loading=\"lazy\" decoding=\"async\" class=\"alignleft wp-image-2243\" src=\"http:\/\/charplexe.ca\/wp-content\/uploads\/2020\/02\/Plancher-3-1.jpg\" alt=\"\" width=\"400\" height=\"624\" srcset=\"http:\/\/charplexe.ca\/wp-content\/uploads\/2020\/02\/Plancher-3-1.jpg 1321w, http:\/\/charplexe.ca\/wp-content\/uploads\/2020\/02\/Plancher-3-1-192x300.jpg 192w, http:\/\/charplexe.ca\/wp-content\/uploads\/2020\/02\/Plancher-3-1-656x1024.jpg 656w, http:\/\/charplexe.ca\/wp-content\/uploads\/2020\/02\/Plancher-3-1-768x1198.jpg 768w, http:\/\/charplexe.ca\/wp-content\/uploads\/2020\/02\/Plancher-3-1-985x1536.jpg 985w, http:\/\/charplexe.ca\/wp-content\/uploads\/2020\/02\/Plancher-3-1-1313x2048.jpg 1313w\" sizes=\"auto, (max-width: 400px) 100vw, 400px\" \/><\/a><\/p>\n<h5><\/h5>\n<h5><\/h5>\n<h4 style=\"text-align: center;\">D\u00e9couvrez nos mod\u00e8les :<\/h4>\n<h4 style=\"text-align: center;\"><a href=\"http:\/\/charplexe.ca\/maisons-projet-des-quatre-vents-lotus\/\">LOTUS 4 CAC<\/a>\u00a0 \u00a0 \u00a0 \u00a0 <a href=\"http:\/\/charplexe.ca\/maisons-projet-des-quatre-vents-lotus-std\/\">LOTUS STD 3 CAC<\/a>\u00a0 \u00a0 \u00a0 \u00a0 \u00a0\u00a0<a href=\"http:\/\/charplexe.ca\/maisons-projet-des-quatre-vents-saphir\/\">SAPHIR<\/a><\/h4>\n<h5><strong><u>INFORMATIONS<\/u><\/strong><\/h5>\n<p>Pour de plus amples informations, contactez un de nos repr\u00e9sentants ou venez nous rencontrer au bureau des ventes et du m\u00eame coup, d\u00e9couvrir ce joli quartier!<\/p>\n<p><strong>Maison Mod\u00e8le et bureau des ventes :<\/strong><br \/>\n<strong>7849 rue des Quatre-Vents,<br \/>\nDuvernay-Est, Qu\u00e9bec<\/strong><\/p>\n<p><strong><iframe loading=\"lazy\" style=\"border: 0;\" src=\"https:\/\/www.google.com\/maps\/embed?pb=!1m18!1m12!1m3!1d1476.9704037738231!2d-73.59159991228937!3d45.66791360866878!2m3!1f0!2f0!3f0!3m2!1i1024!2i768!4f13.1!3m3!1m2!1s0x0%3A0x2c0760ed2a6e97bf!2sBureau+des+Ventes+Maisons+Charplexe+-+Domaine+Des+Quatre-Vents!5e0!3m2!1sen!2sca!4v1548209627322\" width=\"600\" height=\"450\" frameborder=\"0\" allowfullscreen=\"allowfullscreen\" data-mce-fragment=\"1\"><\/iframe><\/strong><\/p>\n<p><strong>Heures d&#8217;ouvertures<\/strong><br \/>\nLundi, Mardi et mercredi de 13h \u00e0 19h<br \/>\nJeudi et vendredi sur RDV seulement<br \/>\nSamedi et dimanche de 13h \u00e0 17h<\/p>\n<p>Courriel\u00a0:\u00a0 \u00a0\u00a0\u00a0\u00a0\u00a0\u00a0\u00a0\u00a0 <a href=\"mailto:jgaudet@charplexe.ca\">jgaudet@charplexe.ca<\/a><br \/>\nT\u00e9l\u00e9phone\u00a0:\u00a0 \u00a0\u00a0 514-461-1200<\/p>\n<p><strong>\u00a0<\/strong><\/p>\n<h3 style=\"text-align: center;\"><b>LE PROGRAMME\u00a0CL\u00c9 EN MAIN <\/b><\/h3>\n<p style=\"text-align: center;\"><b>Vous d\u00e9sirez faire l\u2019acquisition d\u2019une nouvelle habitation Charplexe mais devez d\u2019abord vendre votre propri\u00e9t\u00e9 actuelle ?<\/b><\/p>\n<p style=\"text-align: center;\"><b>Nous avons la solution pour vous !<\/b><\/p>\n<p style=\"text-align: center;\"><b>Maisons Charplexe est fier de vous pr\u00e9senter le programme Cl\u00e9 en main !<\/b><\/p>\n<p style=\"text-align: center;\"><strong><a href=\"http:\/\/charplexe.ca\/programme-cle-en-main\/\">D\u00e9couvrir le programme cl\u00e9 en main &gt;<\/a><\/strong><\/p>\n","protected":false},"excerpt":{"rendered":"<p>MAISON JUMEL\u00c9E FA\u00c7ADE ** Il ne reste que la maison mod\u00e8le \u00e0 vendre ** *** CL\u00c9 EN MAIN *** Elle n\u2019attend que vos meubles !!! Nous vous offrons le mod\u00e8le LOTUS JUMEL\u00c9 de 3 chambres \u00e0 coucher.\u00a0 Une magnifique et spacieuse maison, faisant plus de 25\u2019 de largeur x 41\u2019 de profondeur! Cette unit\u00e9 est [&hellip;]<\/p>\n","protected":false},"author":8,"featured_media":0,"parent":0,"menu_order":0,"comment_status":"closed","ping_status":"closed","template":"","meta":{"footnotes":""},"class_list":["post-2242","page","type-page","status-publish","hentry"],"translation":{"provider":"WPGlobus","version":"3.0.2","language":"en","enabled_languages":["fr","en"],"languages":{"fr":{"title":true,"content":true,"excerpt":false},"en":{"title":false,"content":false,"excerpt":false}}},"_links":{"self":[{"href":"http:\/\/charplexe.ca\/en\/wp-json\/wp\/v2\/pages\/2242","targetHints":{"allow":["GET"]}}],"collection":[{"href":"http:\/\/charplexe.ca\/en\/wp-json\/wp\/v2\/pages"}],"about":[{"href":"http:\/\/charplexe.ca\/en\/wp-json\/wp\/v2\/types\/page"}],"author":[{"embeddable":true,"href":"http:\/\/charplexe.ca\/en\/wp-json\/wp\/v2\/users\/8"}],"replies":[{"embeddable":true,"href":"http:\/\/charplexe.ca\/en\/wp-json\/wp\/v2\/comments?post=2242"}],"version-history":[{"count":5,"href":"http:\/\/charplexe.ca\/en\/wp-json\/wp\/v2\/pages\/2242\/revisions"}],"predecessor-version":[{"id":2659,"href":"http:\/\/charplexe.ca\/en\/wp-json\/wp\/v2\/pages\/2242\/revisions\/2659"}],"wp:attachment":[{"href":"http:\/\/charplexe.ca\/en\/wp-json\/wp\/v2\/media?parent=2242"}],"curies":[{"name":"wp","href":"https:\/\/api.w.org\/{rel}","templated":true}]}}