{"id":2276,"date":"2020-02-03T18:29:26","date_gmt":"2020-02-03T23:29:26","guid":{"rendered":"http:\/\/charplexe.ca\/?page_id=2276"},"modified":"2021-02-22T11:12:35","modified_gmt":"2021-02-22T16:12:35","slug":"projet-bord-de-leau-ste-dorothee","status":"publish","type":"page","link":"http:\/\/charplexe.ca\/en\/projet-bord-de-leau-ste-dorothee\/","title":{"rendered":"Bord-de-l&#8217;Eau &#8211; Ste-Doroth\u00e9e (Laval) &#8211; Projet Compl\u00e9t\u00e9"},"content":{"rendered":"<p style=\"text-align: center;\"><strong>Maisons Charplexe vous propose deux nouvelles constructions de notre tr\u00e8s populaire<br \/>\nmod\u00e8le cottage JADE DLX version 4 CAC et 2 SDB compl\u00e8te \u00e0 l\u2019\u00e9tage, \u00e0 Ste-Doroth\u00e9e, Laval<\/strong><\/p>\n<p><strong>\u00a0<\/strong><\/p>\n<h5 style=\"text-align: center;\"><strong>** FAITES VITE **<\/strong><\/h5>\n<h5 style=\"text-align: center;\"><strong>SEULEMENT 2 TERRAINS DISPONIBLES<\/strong><\/h5>\n<h5 style=\"text-align: center;\"><strong>Maison mod\u00e8le sera livr\u00e9e &#8221;cl\u00e9 en main&#8221; approximativement vers la fin-ao\u00fbt 2020<\/strong><\/h5>\n<p><a href=\"http:\/\/charplexe.ca\/wp-content\/uploads\/2020\/02\/FACAD.jpg\"><img loading=\"lazy\" decoding=\"async\" class=\"wp-image-2294 aligncenter\" src=\"http:\/\/charplexe.ca\/wp-content\/uploads\/2020\/02\/FACAD.jpg\" alt=\"\" width=\"573\" height=\"359\" srcset=\"http:\/\/charplexe.ca\/wp-content\/uploads\/2020\/02\/FACAD.jpg 1320w, http:\/\/charplexe.ca\/wp-content\/uploads\/2020\/02\/FACAD-300x188.jpg 300w, http:\/\/charplexe.ca\/wp-content\/uploads\/2020\/02\/FACAD-1024x642.jpg 1024w, http:\/\/charplexe.ca\/wp-content\/uploads\/2020\/02\/FACAD-768x482.jpg 768w\" sizes=\"auto, (max-width: 573px) 100vw, 573px\" \/><\/a><\/p>\n<p>MAISONS CHARPLEXE, dont la r\u00e9putation n&#8217;est plus \u00e0 faire avec plus de 25 ann\u00e9es d&#8217;exp\u00e9rience et ses 3 200 unit\u00e9s d&#8217;habitation construites sur le territoire de Laval, vous propose deux terrains pour nouvelles constructions, dans le secteur paisible et r\u00e9sidentiel de Ste-Doroth\u00e9e, situ\u00e9 sur le chemin Bord-de-l&#8217;Eau (coin rue Diane).<\/p>\n<p>Cet emplacement de choix est situ\u00e9 tout pr\u00e8s des grandes art\u00e8res, dont l&#8217;autoroute 13, l&#8217;autoroute 440, le boulevard Samson et la rue Principale. \u00a0\u00c0 2 pas d&#8217;un grand parc, des \u00e9coles, des garderies, des centres d&#8217;achats et de toutes commodit\u00e9s, ce secteur vous offre toute la s\u00e9curit\u00e9 et la qui\u00e9tude dont votre famille a besoin.<\/p>\n<h5><\/h5>\n<h4 style=\"text-align: center;\">D\u00e9couvrez notre mod\u00e8le :<\/h4>\n<h4 style=\"text-align: center;\"><a href=\"http:\/\/charplexe.ca\/maison-chemin-du-bord-de-leau-jade\/\">JADE DLX<\/a><\/h4>\n<h5><\/h5>\n<h5><\/h5>\n<h5><strong><u>INFORMATIONS<\/u><\/strong><\/h5>\n<p>Pour de plus amples informations, contactez un de nos repr\u00e9sentants ou venez nous rencontrer au bureau des ventes et du m\u00eame coup, d\u00e9couvrir ce joli quartier!<\/p>\n<p><strong>Maison Mod\u00e8le et bureau des ventes :<\/strong><br \/>\n<strong>7992, rue L\u00e9onise-Valois<br \/>\nDuvernay-Est, Qu\u00e9bec<\/strong><\/p>\n<p><strong><iframe loading=\"lazy\" style=\"border: 0;\" src=\"https:\/\/www.google.com\/maps\/embed?pb=!1m18!1m12!1m3!1d1476.9704037738231!2d-73.59159991228937!3d45.66791360866878!2m3!1f0!2f0!3f0!3m2!1i1024!2i768!4f13.1!3m3!1m2!1s0x0%3A0x2c0760ed2a6e97bf!2sBureau+des+Ventes+Maisons+Charplexe+-+Domaine+Des+Quatre-Vents!5e0!3m2!1sen!2sca!4v1548209627322\" width=\"600\" height=\"450\" frameborder=\"0\" allowfullscreen=\"allowfullscreen\" data-mce-fragment=\"1\"><\/iframe><\/strong><\/p>\n<p><b>Pour plus d&#8217;information, veuillez nous contacter :<br \/>\n<\/b>Courriel :\u00a0 \u00a0\u00a0\u00a0\u00a0\u00a0\u00a0\u00a0 <a href=\"mailto:jgaudet@charplexe.ca\">jgaudet@charplexe.ca<\/a><br \/>\nT\u00e9l\u00e9phone\u00a0:\u00a0 \u00a0\u00a0 514-461-1200<\/p>\n<p style=\"text-align: center;\">\n","protected":false},"excerpt":{"rendered":"<p>Maisons Charplexe vous propose deux nouvelles constructions de notre tr\u00e8s populaire mod\u00e8le cottage JADE DLX version 4 CAC et 2 SDB compl\u00e8te \u00e0 l\u2019\u00e9tage, \u00e0 Ste-Doroth\u00e9e, Laval \u00a0 ** FAITES VITE ** SEULEMENT 2 TERRAINS DISPONIBLES Maison mod\u00e8le sera livr\u00e9e &#8221;cl\u00e9 en main&#8221; approximativement vers la fin-ao\u00fbt 2020 MAISONS CHARPLEXE, dont la r\u00e9putation n&#8217;est plus [&hellip;]<\/p>\n","protected":false},"author":8,"featured_media":0,"parent":0,"menu_order":0,"comment_status":"closed","ping_status":"closed","template":"","meta":{"footnotes":""},"class_list":["post-2276","page","type-page","status-publish","hentry"],"translation":{"provider":"WPGlobus","version":"3.0.2","language":"en","enabled_languages":["fr","en"],"languages":{"fr":{"title":true,"content":true,"excerpt":false},"en":{"title":false,"content":false,"excerpt":false}}},"_links":{"self":[{"href":"http:\/\/charplexe.ca\/en\/wp-json\/wp\/v2\/pages\/2276","targetHints":{"allow":["GET"]}}],"collection":[{"href":"http:\/\/charplexe.ca\/en\/wp-json\/wp\/v2\/pages"}],"about":[{"href":"http:\/\/charplexe.ca\/en\/wp-json\/wp\/v2\/types\/page"}],"author":[{"embeddable":true,"href":"http:\/\/charplexe.ca\/en\/wp-json\/wp\/v2\/users\/8"}],"replies":[{"embeddable":true,"href":"http:\/\/charplexe.ca\/en\/wp-json\/wp\/v2\/comments?post=2276"}],"version-history":[{"count":5,"href":"http:\/\/charplexe.ca\/en\/wp-json\/wp\/v2\/pages\/2276\/revisions"}],"predecessor-version":[{"id":3377,"href":"http:\/\/charplexe.ca\/en\/wp-json\/wp\/v2\/pages\/2276\/revisions\/3377"}],"wp:attachment":[{"href":"http:\/\/charplexe.ca\/en\/wp-json\/wp\/v2\/media?parent=2276"}],"curies":[{"name":"wp","href":"https:\/\/api.w.org\/{rel}","templated":true}]}}