{"id":2293,"date":"2020-02-03T18:44:22","date_gmt":"2020-02-03T23:44:22","guid":{"rendered":"http:\/\/charplexe.ca\/?page_id=2293"},"modified":"2021-02-22T11:13:08","modified_gmt":"2021-02-22T16:13:08","slug":"maison-chemin-du-bord-de-leau-jade","status":"publish","type":"page","link":"http:\/\/charplexe.ca\/en\/maison-chemin-du-bord-de-leau-jade\/","title":{"rendered":"JADE DLX"},"content":{"rendered":"<h5><u><\/u><u>FA\u00c7ADE<\/u><\/h5>\n<p><a href=\"http:\/\/charplexe.ca\/wp-content\/uploads\/2020\/02\/FACAD.jpg\"><img loading=\"lazy\" decoding=\"async\" class=\"alignnone wp-image-2294 \" src=\"http:\/\/charplexe.ca\/wp-content\/uploads\/2020\/02\/FACAD.jpg\" alt=\"\" width=\"556\" height=\"349\" srcset=\"http:\/\/charplexe.ca\/wp-content\/uploads\/2020\/02\/FACAD.jpg 1320w, http:\/\/charplexe.ca\/wp-content\/uploads\/2020\/02\/FACAD-300x188.jpg 300w, http:\/\/charplexe.ca\/wp-content\/uploads\/2020\/02\/FACAD-1024x642.jpg 1024w, http:\/\/charplexe.ca\/wp-content\/uploads\/2020\/02\/FACAD-768x482.jpg 768w\" sizes=\"auto, (max-width: 556px) 100vw, 556px\" \/><\/a><\/p>\n<h5><\/h5>\n<p>Nous vous proposons notre tr\u00e8s populaire mod\u00e8le <strong>JADE DLX version 4 chambres \u00e0 coucher et 2 SDB<\/strong>!\u00a0 Ce magnifique et spacieux cottage fait plus de 25&#8242; de large X 47&#8242; de profond.<\/p>\n<p>Le <strong>JADE DLX 4 CAC<\/strong> saura vous charmer gr\u00e2ce \u00e0 sa vaste cuisine \u00e0 aire ouverte, munie de nombreuses armoires et d\u2019un \u00eelot central, donnant sur la salle familiale.<\/p>\n<p>\u00c0 l\u2019\u00e9tage, vous serez conquis par la tr\u00e8s grande chambre des ma\u00eetres poss\u00e9dant un pratique walk-in et une salle de bain priv\u00e9e avec douche vitr\u00e9e en c\u00e9ramique!\u00a0 \u00a0\u00c9galement, 3 autres grandes chambres ainsi qu\u2019une <strong>2e salle de bain compl\u00e8te<\/strong>, utile et fonctionnelle pour toute la famille.<\/p>\n<p><strong><u>Entre autres inclusions<\/u><\/strong> :<\/p>\n<ul>\n<li>Syst\u00e8me central \u00e0 air chaud 3.5 tonnes<\/li>\n<li>Comptoirs et ilot de cuisine en quartz.<\/li>\n<li>Dosseret de c\u00e9ramique dans la cuisine<\/li>\n<li>Planchers du rez-de-chauss\u00e9e et \u00e0 l\u2019\u00e9tage en bois franc pr\u00e9 verni. Les rampes d&#8217;escaliers sont en bois et m\u00e9tal.<\/li>\n<li>Choix de couleur pour la finition ext\u00e9rieure (brique partie de la fa\u00e7ade, boiserie, vinyle et couverture) et pour l&#8217;int\u00e9rieur (c\u00e9ramique, planchers et armoires).<\/li>\n<li>Robinetterie, lavabos (2 lavabos dans la SDB de la CDM), baignoire, portes et boiseries int\u00e9rieures ZEN.<\/li>\n<li>Pr\u00e9-filage pour c\u00e2ble, t\u00e9l\u00e9phone et alarme.<\/li>\n<li>Tuyaux pour aspirateur central dans les murs sur les 3 niveaux.<\/li>\n<li>Drain au sous-sol pour future salle de bain (DTL)<\/li>\n<li>\u00c9changeur d&#8217;air, r\u00e9cup\u00e9rateur de chaleur<\/li>\n<li>R\u00e9servoir \u00e0 eau chaude de 60 gallons,<\/li>\n<li>Entr\u00e9e \u00e9lectrique de 200 amp\u00e8res.<\/li>\n<li>Tr\u00e8s grand sous-sol<\/li>\n<li>Garage int\u00e9gr\u00e9<\/li>\n<li>4 &#8216;spot&#8217; ext\u00e9rieurs (avant)<\/li>\n<\/ul>\n<h5><\/h5>\n<h5><strong><u>PLANS PLANCHERS<\/u><\/strong><\/h5>\n<p><a href=\"http:\/\/charplexe.ca\/wp-content\/uploads\/2020\/02\/1.jpg\"><img loading=\"lazy\" decoding=\"async\" class=\"alignleft wp-image-2295\" src=\"http:\/\/charplexe.ca\/wp-content\/uploads\/2020\/02\/1.jpg\" alt=\"\" width=\"400\" height=\"517\" srcset=\"http:\/\/charplexe.ca\/wp-content\/uploads\/2020\/02\/1.jpg 1322w, http:\/\/charplexe.ca\/wp-content\/uploads\/2020\/02\/1-232x300.jpg 232w, http:\/\/charplexe.ca\/wp-content\/uploads\/2020\/02\/1-792x1024.jpg 792w, http:\/\/charplexe.ca\/wp-content\/uploads\/2020\/02\/1-768x993.jpg 768w, http:\/\/charplexe.ca\/wp-content\/uploads\/2020\/02\/1-1187x1536.jpg 1187w\" sizes=\"auto, (max-width: 400px) 100vw, 400px\" \/><\/a><\/p>\n<p><a href=\"http:\/\/charplexe.ca\/wp-content\/uploads\/2020\/02\/2.jpg\"><img loading=\"lazy\" decoding=\"async\" class=\"alignright wp-image-2296\" src=\"http:\/\/charplexe.ca\/wp-content\/uploads\/2020\/02\/2.jpg\" alt=\"\" width=\"400\" height=\"517\" srcset=\"http:\/\/charplexe.ca\/wp-content\/uploads\/2020\/02\/2.jpg 1322w, http:\/\/charplexe.ca\/wp-content\/uploads\/2020\/02\/2-232x300.jpg 232w, http:\/\/charplexe.ca\/wp-content\/uploads\/2020\/02\/2-792x1024.jpg 792w, http:\/\/charplexe.ca\/wp-content\/uploads\/2020\/02\/2-768x993.jpg 768w, http:\/\/charplexe.ca\/wp-content\/uploads\/2020\/02\/2-1187x1536.jpg 1187w\" sizes=\"auto, (max-width: 400px) 100vw, 400px\" \/><\/a><\/p>\n<h5 style=\"text-align: center;\"><\/h5>\n<p><a href=\"http:\/\/charplexe.ca\/wp-content\/uploads\/2020\/02\/3.jpg\"><img loading=\"lazy\" decoding=\"async\" class=\"alignleft wp-image-2297\" src=\"http:\/\/charplexe.ca\/wp-content\/uploads\/2020\/02\/3.jpg\" alt=\"\" width=\"400\" height=\"517\" srcset=\"http:\/\/charplexe.ca\/wp-content\/uploads\/2020\/02\/3.jpg 1322w, http:\/\/charplexe.ca\/wp-content\/uploads\/2020\/02\/3-232x300.jpg 232w, http:\/\/charplexe.ca\/wp-content\/uploads\/2020\/02\/3-792x1024.jpg 792w, http:\/\/charplexe.ca\/wp-content\/uploads\/2020\/02\/3-768x993.jpg 768w, http:\/\/charplexe.ca\/wp-content\/uploads\/2020\/02\/3-1187x1536.jpg 1187w\" sizes=\"auto, (max-width: 400px) 100vw, 400px\" \/><\/a><\/p>\n<h5><\/h5>\n<h5><\/h5>\n<h5><strong><u>INFORMATIONS<\/u><\/strong><\/h5>\n<p>Pour de plus amples informations, contactez un de nos repr\u00e9sentants ou venez nous rencontrer au bureau des ventes et du m\u00eame coup, d\u00e9couvrir ce joli quartier!<\/p>\n<p><strong>Maison Mod\u00e8le et bureau des ventes :<\/strong><br \/>\n<strong>7992, rue L\u00e9onise-Valois, Duvernay-Est, Qu\u00e9bec<\/strong><\/p>\n<p><strong><iframe loading=\"lazy\" style=\"border: 0;\" src=\"https:\/\/www.google.com\/maps\/embed?pb=!1m18!1m12!1m3!1d1476.9704037738231!2d-73.59159991228937!3d45.66791360866878!2m3!1f0!2f0!3f0!3m2!1i1024!2i768!4f13.1!3m3!1m2!1s0x0%3A0x2c0760ed2a6e97bf!2sBureau+des+Ventes+Maisons+Charplexe+-+Domaine+Des+Quatre-Vents!5e0!3m2!1sen!2sca!4v1548209627322\" width=\"600\" height=\"450\" frameborder=\"0\" allowfullscreen=\"allowfullscreen\" data-mce-fragment=\"1\"><\/iframe><\/strong><\/p>\n<p><b>Pour plus d&#8217;information, veuillez nous contacter :<br \/>\n<\/b>Courriel :\u00a0 \u00a0\u00a0\u00a0\u00a0\u00a0\u00a0\u00a0 <a href=\"mailto:jgaudet@charplexe.ca\">jgaudet@charplexe.ca<\/a><br \/>\nT\u00e9l\u00e9phone\u00a0:\u00a0 \u00a0\u00a0 514-461-1200<\/p>\n<p style=\"text-align: center;\">\n","protected":false},"excerpt":{"rendered":"<p>FA\u00c7ADE Nous vous proposons notre tr\u00e8s populaire mod\u00e8le JADE DLX version 4 chambres \u00e0 coucher et 2 SDB!\u00a0 Ce magnifique et spacieux cottage fait plus de 25&#8242; de large X 47&#8242; de profond. Le JADE DLX 4 CAC saura vous charmer gr\u00e2ce \u00e0 sa vaste cuisine \u00e0 aire ouverte, munie de nombreuses armoires et d\u2019un [&hellip;]<\/p>\n","protected":false},"author":8,"featured_media":0,"parent":0,"menu_order":0,"comment_status":"closed","ping_status":"closed","template":"","meta":{"footnotes":""},"class_list":["post-2293","page","type-page","status-publish","hentry"],"translation":{"provider":"WPGlobus","version":"3.0.2","language":"en","enabled_languages":["fr","en"],"languages":{"fr":{"title":true,"content":true,"excerpt":false},"en":{"title":false,"content":false,"excerpt":false}}},"_links":{"self":[{"href":"http:\/\/charplexe.ca\/en\/wp-json\/wp\/v2\/pages\/2293","targetHints":{"allow":["GET"]}}],"collection":[{"href":"http:\/\/charplexe.ca\/en\/wp-json\/wp\/v2\/pages"}],"about":[{"href":"http:\/\/charplexe.ca\/en\/wp-json\/wp\/v2\/types\/page"}],"author":[{"embeddable":true,"href":"http:\/\/charplexe.ca\/en\/wp-json\/wp\/v2\/users\/8"}],"replies":[{"embeddable":true,"href":"http:\/\/charplexe.ca\/en\/wp-json\/wp\/v2\/comments?post=2293"}],"version-history":[{"count":5,"href":"http:\/\/charplexe.ca\/en\/wp-json\/wp\/v2\/pages\/2293\/revisions"}],"predecessor-version":[{"id":3378,"href":"http:\/\/charplexe.ca\/en\/wp-json\/wp\/v2\/pages\/2293\/revisions\/3378"}],"wp:attachment":[{"href":"http:\/\/charplexe.ca\/en\/wp-json\/wp\/v2\/media?parent=2293"}],"curies":[{"name":"wp","href":"https:\/\/api.w.org\/{rel}","templated":true}]}}