{"id":2528,"date":"2020-02-06T20:33:12","date_gmt":"2020-02-07T01:33:12","guid":{"rendered":"http:\/\/charplexe.ca\/?page_id=2528"},"modified":"2025-04-20T16:13:27","modified_gmt":"2025-04-20T20:13:27","slug":"multiplex-boise-de-lequerre-7plex","status":"publish","type":"page","link":"http:\/\/charplexe.ca\/en\/multiplex-boise-de-lequerre-7plex\/","title":{"rendered":"Bois\u00e9 de l&#8217;\u00e9querre \u2013 7plex"},"content":{"rendered":"<p>NOUVEAU PROJET DE 7plex<\/p>\n<div class=\"WordSection1\">\n<p class=\"\"><span class=\"\">Maisons Charplexe, vous propose un tout nouveau projet de Triplex et de 7Plex, \u00ab Le Bois\u00e9 de l\u2019\u00c9querre \u00bb, dans l\u2019un des secteurs les plus recherch\u00e9s de Laval !<\/span><\/p>\n<\/div>\n<div class=\"WordSection1\">\n<p class=\"\"><span class=\"\">Strat\u00e9giquement situ\u00e9 pr\u00e8s des grands parc, \u00e9coles, garderie, de tous les services, \u00e0 deux pas du Parc Industriel de Chomedey, du grand bois\u00e9 de l\u2019\u00c9querre et des grandes art\u00e8res dont les autoroutes 15 et 440 et des Boulevard Dagenais Ouest et Le Corbusier. Les futurs locataires de ces immeubles \u00e0 revenus seront g\u00e9ographiquement combl\u00e9s de par sa proximit\u00e9 \u00e0 tous ces endroits!<\/span><\/p>\n<p class=\"\"><span class=\"\">Immeuble garantie 5 ans par le constructeur. Programme clef en main et qui Inclus le service de gestion locative de votre immeuble pendant 5 ans (trouver locataires et autres services)<\/span><\/p>\n<\/div>\n<div id=\"envira-gallery-wrap-2534\" class=\"envira-gallery-wrap envira-gallery-theme-base envira-lightbox-theme-base\" itemscope itemtype=\"https:\/\/schema.org\/ImageGallery\"><div data-row-height=\"250\" data-gallery-theme=\"normal\" id=\"envira-gallery-2534\" class=\"envira-gallery-public envira-gallery-justified-public envira-gallery-0-columns envira-clear enviratope envira-gallery-css-animations\" data-envira-columns=\"0\"><div id=\"envira-gallery-item-2535\" class=\"envira-gallery-item enviratope-item envira-gallery-item-1 envira-lazy-load\" style=\"padding-left: 5px; padding-bottom: 10px; padding-right: 5px;\"  itemscope itemtype=\"https:\/\/schema.org\/ImageObject\"><div class=\"envira-gallery-item-inner\"><div class=\"envira-gallery-position-overlay  envira-gallery-top-left\"><\/div><div class=\"envira-gallery-position-overlay  envira-gallery-top-right\"><\/div><div class=\"envira-gallery-position-overlay  envira-gallery-bottom-left\"><\/div><div class=\"envira-gallery-position-overlay  envira-gallery-bottom-right\"><\/div><a href=\"http:\/\/charplexe.ca\/wp-content\/uploads\/2020\/02\/14X_3-Web.jpg\" class=\"envira-gallery-2534 envira-gallery-link\" rel=\"enviragallery2534\" title=\"7plex\" data-envira-caption=\"7plex\" data-envira-retina=\"\" data-thumbnail=\"\"  itemprop=\"contentUrl\"><img decoding=\"async\" id=\"envira-gallery-image-2535\" class=\"envira-gallery-image envira-gallery-image-1 envira-normal envira-lazy\" data-envira-index=\"1\" src=\"http:\/\/charplexe.ca\/wp-content\/uploads\/2020\/02\/14X_3-Web-1024x576.jpg\" data-envira-src=\"http:\/\/charplexe.ca\/wp-content\/uploads\/2020\/02\/14X_3-Web-1024x576.jpg\" data-envira-gallery-id=\"2534\" data-envira-item-id=\"2535\" data-envira-caption=\"7plex\" alt=\"\" title=\"7plex\"  itemprop=\"thumbnailUrl\" data-envira-srcset=\"http:\/\/charplexe.ca\/wp-content\/uploads\/2020\/02\/14X_3-Web-1024x576.jpg 400w,http:\/\/charplexe.ca\/wp-content\/uploads\/2020\/02\/14X_3-Web-1024x576.jpg 2x\" data-envira-width=\"300\" data-envira-height=\"169\" srcset=\"data:image\/gif;base64,R0lGODlhAQABAIAAAP\/\/\/\/\/\/\/yH5BAEKAAEALAAAAAABAAEAAAICTAEAOw==\" data-safe-src=\"data:image\/gif;base64,R0lGODlhAQABAIAAAP\/\/\/\/\/\/\/yH5BAEKAAEALAAAAAABAAEAAAICTAEAOw==\" \/><\/a><\/div><\/div><div id=\"envira-gallery-item-2536\" class=\"envira-gallery-item enviratope-item envira-gallery-item-2 envira-lazy-load\" style=\"padding-left: 5px; padding-bottom: 10px; padding-right: 5px;\"  itemscope itemtype=\"https:\/\/schema.org\/ImageObject\"><div class=\"envira-gallery-item-inner\"><div class=\"envira-gallery-position-overlay  envira-gallery-top-left\"><\/div><div class=\"envira-gallery-position-overlay  envira-gallery-top-right\"><\/div><div class=\"envira-gallery-position-overlay  envira-gallery-bottom-left\"><\/div><div class=\"envira-gallery-position-overlay  envira-gallery-bottom-right\"><\/div><a href=\"http:\/\/charplexe.ca\/wp-content\/uploads\/2020\/02\/Laval_equerre_vue_14X-Web.jpg\" class=\"envira-gallery-2534 envira-gallery-link\" rel=\"enviragallery2534\" title=\"7plex\" data-envira-caption=\"7plex\" data-envira-retina=\"\" data-thumbnail=\"\"  itemprop=\"contentUrl\"><img decoding=\"async\" id=\"envira-gallery-image-2536\" class=\"envira-gallery-image envira-gallery-image-2 envira-normal envira-lazy\" data-envira-index=\"2\" src=\"http:\/\/charplexe.ca\/wp-content\/uploads\/2020\/02\/Laval_equerre_vue_14X-Web.jpg\" data-envira-src=\"http:\/\/charplexe.ca\/wp-content\/uploads\/2020\/02\/Laval_equerre_vue_14X-Web.jpg\" data-envira-gallery-id=\"2534\" data-envira-item-id=\"2536\" data-envira-caption=\"7plex\" alt=\"\" title=\"7plex\"  itemprop=\"thumbnailUrl\" data-envira-srcset=\"http:\/\/charplexe.ca\/wp-content\/uploads\/2020\/02\/Laval_equerre_vue_14X-Web.jpg 400w,http:\/\/charplexe.ca\/wp-content\/uploads\/2020\/02\/Laval_equerre_vue_14X-Web.jpg 2x\" data-envira-width=\"300\" data-envira-height=\"167\" srcset=\"data:image\/gif;base64,R0lGODlhAQABAIAAAP\/\/\/\/\/\/\/yH5BAEKAAEALAAAAAABAAEAAAICTAEAOw==\" data-safe-src=\"data:image\/gif;base64,R0lGODlhAQABAIAAAP\/\/\/\/\/\/\/yH5BAEKAAEALAAAAAABAAEAAAICTAEAOw==\" \/><\/a><\/div><\/div><div id=\"envira-gallery-item-3135\" class=\"envira-gallery-item enviratope-item envira-gallery-item-3 envira-lazy-load\" style=\"padding-left: 5px; padding-bottom: 10px; padding-right: 5px;\"  itemscope itemtype=\"https:\/\/schema.org\/ImageObject\"><div class=\"envira-gallery-item-inner\"><div class=\"envira-gallery-position-overlay  envira-gallery-top-left\"><\/div><div class=\"envira-gallery-position-overlay  envira-gallery-top-right\"><\/div><div class=\"envira-gallery-position-overlay  envira-gallery-bottom-left\"><\/div><div class=\"envira-gallery-position-overlay  envira-gallery-bottom-right\"><\/div><a href=\"http:\/\/charplexe.ca\/wp-content\/uploads\/2020\/10\/Laval_equerre_vue_rue-Web.png\" class=\"envira-gallery-2534 envira-gallery-link\" rel=\"enviragallery2534\" title=\"Laval_equerre_vue_rue-Web\" data-envira-caption=\"Laval_equerre_vue_rue-Web\" data-envira-retina=\"\" data-thumbnail=\"\"  itemprop=\"contentUrl\"><img decoding=\"async\" id=\"envira-gallery-image-3135\" class=\"envira-gallery-image envira-gallery-image-3 envira-normal envira-lazy\" data-envira-index=\"3\" src=\"http:\/\/charplexe.ca\/wp-content\/uploads\/2020\/10\/Laval_equerre_vue_rue-Web.png\" data-envira-src=\"http:\/\/charplexe.ca\/wp-content\/uploads\/2020\/10\/Laval_equerre_vue_rue-Web.png\" data-envira-gallery-id=\"2534\" data-envira-item-id=\"3135\" data-envira-caption=\"Laval_equerre_vue_rue-Web\" alt=\"\" title=\"Laval_equerre_vue_rue-Web\"  itemprop=\"thumbnailUrl\" data-envira-srcset=\"http:\/\/charplexe.ca\/wp-content\/uploads\/2020\/10\/Laval_equerre_vue_rue-Web.png 400w,http:\/\/charplexe.ca\/wp-content\/uploads\/2020\/10\/Laval_equerre_vue_rue-Web.png 2x\" data-envira-width=\"300\" data-envira-height=\"200\" srcset=\"data:image\/gif;base64,R0lGODlhAQABAIAAAP\/\/\/\/\/\/\/yH5BAEKAAEALAAAAAABAAEAAAICTAEAOw==\" data-safe-src=\"data:image\/gif;base64,R0lGODlhAQABAIAAAP\/\/\/\/\/\/\/yH5BAEKAAEALAAAAAABAAEAAAICTAEAOw==\" \/><\/a><\/div><\/div><div id=\"envira-gallery-item-3132\" class=\"envira-gallery-item enviratope-item envira-gallery-item-4 envira-lazy-load\" style=\"padding-left: 5px; padding-bottom: 10px; padding-right: 5px;\"  itemscope itemtype=\"https:\/\/schema.org\/ImageObject\"><div class=\"envira-gallery-item-inner\"><div class=\"envira-gallery-position-overlay  envira-gallery-top-left\"><\/div><div class=\"envira-gallery-position-overlay  envira-gallery-top-right\"><\/div><div class=\"envira-gallery-position-overlay  envira-gallery-bottom-left\"><\/div><div class=\"envira-gallery-position-overlay  envira-gallery-bottom-right\"><\/div><a href=\"http:\/\/charplexe.ca\/wp-content\/uploads\/2020\/10\/14X_2-Web.jpg\" class=\"envira-gallery-2534 envira-gallery-link\" rel=\"enviragallery2534\" title=\"14X_2-Web\" data-envira-caption=\"14X_2-Web\" data-envira-retina=\"\" data-thumbnail=\"\"  itemprop=\"contentUrl\"><img decoding=\"async\" id=\"envira-gallery-image-3132\" class=\"envira-gallery-image envira-gallery-image-4 envira-normal envira-lazy\" data-envira-index=\"4\" src=\"http:\/\/charplexe.ca\/wp-content\/uploads\/2020\/10\/14X_2-Web-1024x576.jpg\" data-envira-src=\"http:\/\/charplexe.ca\/wp-content\/uploads\/2020\/10\/14X_2-Web-1024x576.jpg\" data-envira-gallery-id=\"2534\" data-envira-item-id=\"3132\" data-envira-caption=\"14X_2-Web\" alt=\"\" title=\"14X_2-Web\"  itemprop=\"thumbnailUrl\" data-envira-srcset=\"http:\/\/charplexe.ca\/wp-content\/uploads\/2020\/10\/14X_2-Web-1024x576.jpg 400w,http:\/\/charplexe.ca\/wp-content\/uploads\/2020\/10\/14X_2-Web-1024x576.jpg 2x\" data-envira-width=\"300\" data-envira-height=\"169\" srcset=\"data:image\/gif;base64,R0lGODlhAQABAIAAAP\/\/\/\/\/\/\/yH5BAEKAAEALAAAAAABAAEAAAICTAEAOw==\" data-safe-src=\"data:image\/gif;base64,R0lGODlhAQABAIAAAP\/\/\/\/\/\/\/yH5BAEKAAEALAAAAAABAAEAAAICTAEAOw==\" \/><\/a><\/div><\/div><div id=\"envira-gallery-item-3131\" class=\"envira-gallery-item enviratope-item envira-gallery-item-5 envira-lazy-load\" style=\"padding-left: 5px; padding-bottom: 10px; padding-right: 5px;\"  itemscope itemtype=\"https:\/\/schema.org\/ImageObject\"><div class=\"envira-gallery-item-inner\"><div class=\"envira-gallery-position-overlay  envira-gallery-top-left\"><\/div><div class=\"envira-gallery-position-overlay  envira-gallery-top-right\"><\/div><div class=\"envira-gallery-position-overlay  envira-gallery-bottom-left\"><\/div><div class=\"envira-gallery-position-overlay  envira-gallery-bottom-right\"><\/div><a href=\"http:\/\/charplexe.ca\/wp-content\/uploads\/2020\/10\/14X_1-Web.jpg\" class=\"envira-gallery-2534 envira-gallery-link\" rel=\"enviragallery2534\" title=\"14X_1-Web\" data-envira-caption=\"14X_1-Web\" data-envira-retina=\"\" data-thumbnail=\"\"  itemprop=\"contentUrl\"><img decoding=\"async\" id=\"envira-gallery-image-3131\" class=\"envira-gallery-image envira-gallery-image-5 envira-normal envira-lazy\" data-envira-index=\"5\" src=\"http:\/\/charplexe.ca\/wp-content\/uploads\/2020\/10\/14X_1-Web-1024x576.jpg\" data-envira-src=\"http:\/\/charplexe.ca\/wp-content\/uploads\/2020\/10\/14X_1-Web-1024x576.jpg\" data-envira-gallery-id=\"2534\" data-envira-item-id=\"3131\" data-envira-caption=\"14X_1-Web\" alt=\"\" title=\"14X_1-Web\"  itemprop=\"thumbnailUrl\" data-envira-srcset=\"http:\/\/charplexe.ca\/wp-content\/uploads\/2020\/10\/14X_1-Web-1024x576.jpg 400w,http:\/\/charplexe.ca\/wp-content\/uploads\/2020\/10\/14X_1-Web-1024x576.jpg 2x\" data-envira-width=\"300\" data-envira-height=\"169\" srcset=\"data:image\/gif;base64,R0lGODlhAQABAIAAAP\/\/\/\/\/\/\/yH5BAEKAAEALAAAAAABAAEAAAICTAEAOw==\" data-safe-src=\"data:image\/gif;base64,R0lGODlhAQABAIAAAP\/\/\/\/\/\/\/yH5BAEKAAEALAAAAAABAAEAAAICTAEAOw==\" \/><\/a><\/div><\/div><\/div><\/div><noscript><img decoding=\"async\" src=\"http:\/\/charplexe.ca\/wp-content\/uploads\/2020\/02\/14X_3-Web.jpg\" alt=\"\" \/><img decoding=\"async\" src=\"http:\/\/charplexe.ca\/wp-content\/uploads\/2020\/02\/Laval_equerre_vue_14X-Web.jpg\" alt=\"\" \/><img decoding=\"async\" src=\"http:\/\/charplexe.ca\/wp-content\/uploads\/2020\/10\/Laval_equerre_vue_rue-Web.png\" alt=\"\" \/><img decoding=\"async\" src=\"http:\/\/charplexe.ca\/wp-content\/uploads\/2020\/10\/14X_2-Web.jpg\" alt=\"\" \/><img decoding=\"async\" src=\"http:\/\/charplexe.ca\/wp-content\/uploads\/2020\/10\/14X_1-Web.jpg\" alt=\"\" \/><\/noscript>\n<p style=\"text-align: center;\">\n","protected":false},"excerpt":{"rendered":"<p>NOUVEAU PROJET DE 7plex Maisons Charplexe, vous propose un tout nouveau projet de Triplex et de 7Plex, \u00ab Le Bois\u00e9 de l\u2019\u00c9querre \u00bb, dans l\u2019un des secteurs les plus recherch\u00e9s de Laval ! Strat\u00e9giquement situ\u00e9 pr\u00e8s des grands parc, \u00e9coles, garderie, de tous les services, \u00e0 deux pas du Parc Industriel de Chomedey, du grand [&hellip;]<\/p>\n","protected":false},"author":8,"featured_media":0,"parent":0,"menu_order":0,"comment_status":"closed","ping_status":"closed","template":"","meta":{"footnotes":""},"class_list":["post-2528","page","type-page","status-publish","hentry"],"translation":{"provider":"WPGlobus","version":"3.0.2","language":"en","enabled_languages":["fr","en"],"languages":{"fr":{"title":true,"content":true,"excerpt":false},"en":{"title":false,"content":false,"excerpt":false}}},"_links":{"self":[{"href":"http:\/\/charplexe.ca\/en\/wp-json\/wp\/v2\/pages\/2528","targetHints":{"allow":["GET"]}}],"collection":[{"href":"http:\/\/charplexe.ca\/en\/wp-json\/wp\/v2\/pages"}],"about":[{"href":"http:\/\/charplexe.ca\/en\/wp-json\/wp\/v2\/types\/page"}],"author":[{"embeddable":true,"href":"http:\/\/charplexe.ca\/en\/wp-json\/wp\/v2\/users\/8"}],"replies":[{"embeddable":true,"href":"http:\/\/charplexe.ca\/en\/wp-json\/wp\/v2\/comments?post=2528"}],"version-history":[{"count":5,"href":"http:\/\/charplexe.ca\/en\/wp-json\/wp\/v2\/pages\/2528\/revisions"}],"predecessor-version":[{"id":2556,"href":"http:\/\/charplexe.ca\/en\/wp-json\/wp\/v2\/pages\/2528\/revisions\/2556"}],"wp:attachment":[{"href":"http:\/\/charplexe.ca\/en\/wp-json\/wp\/v2\/media?parent=2528"}],"curies":[{"name":"wp","href":"https:\/\/api.w.org\/{rel}","templated":true}]}}