{"id":2625,"date":"2020-03-12T21:28:15","date_gmt":"2020-03-13T01:28:15","guid":{"rendered":"http:\/\/charplexe.ca\/?page_id=2625"},"modified":"2022-08-12T03:55:10","modified_gmt":"2022-08-12T07:55:10","slug":"projet-lachenaie","status":"publish","type":"page","link":"http:\/\/charplexe.ca\/en\/projet-lachenaie\/","title":{"rendered":"Projet Lachenaie &#8211; Terrebonne"},"content":{"rendered":"<h3>Attraits et avantages<\/h3>\n<h5 style=\"text-align: center;\"><strong>***LOCATIONS DISPONIBLES A PARTIR DE JUIN***<\/strong><\/h5>\n<h5 style=\"text-align: center;\"><\/h5>\n<h3><a href=\"http:\/\/charplexe.ca\/wp-content\/uploads\/2020\/03\/85135713_10156584042135810_5037987348193738752_n.jpg\"><img loading=\"lazy\" decoding=\"async\" class=\"aligncenter wp-image-2631\" src=\"http:\/\/charplexe.ca\/wp-content\/uploads\/2020\/03\/85135713_10156584042135810_5037987348193738752_n.jpg\" alt=\"\" width=\"400\" height=\"250\" srcset=\"http:\/\/charplexe.ca\/wp-content\/uploads\/2020\/03\/85135713_10156584042135810_5037987348193738752_n.jpg 960w, http:\/\/charplexe.ca\/wp-content\/uploads\/2020\/03\/85135713_10156584042135810_5037987348193738752_n-300x188.jpg 300w, http:\/\/charplexe.ca\/wp-content\/uploads\/2020\/03\/85135713_10156584042135810_5037987348193738752_n-768x480.jpg 768w\" sizes=\"auto, (max-width: 400px) 100vw, 400px\" \/><\/a><\/h3>\n<p>3 \u00bd, 4 \u00bd &amp; 5 \u00bd \u00a0construction neuve au 108 Dor\u00e9-Jaune, un projet situ\u00e9 dans un complexe de 48 logements modernes avec ascenseur comptant plusieurs parcs, plans d\u2019eau.<\/p>\n<p>De plus, il se situe \u00e0 proximit\u00e9 de toutes commodit\u00e9s n\u00e9cessaires, garderies, pistes cyclables, centre d&#8217;achats, \u00e9piceries, gare de train, cin\u00e9ma, etc.<\/p>\n<p>Les appartements comprennent des armoires haut de gamme, des comptoirs de granite, un stationnement int\u00e9rieur, un espace de rangement au garage, air climatis\u00e9, un grand balcon et Wifi haute vitesse inclus.<\/p>\n<ul>\n<li>Prix pour les 3 \u00bd\u00a0: entre 1045$ \/ 732 pc et 1150$ \/ 851 pc<\/li>\n<li>Prix pour les 4 \u00bd\u00a0: entre 1380$ \/ 967 pc et 1510$ \/ 1125 pc<\/li>\n<li>Prix pour les 5 \u00bd\u00a0: il en reste un seul \u00e0 1590$ \/ 1206 pc<\/li>\n<\/ul>\n<h3><\/h3>\n<h3>Galerie<\/h3>\n<p><a href=\"http:\/\/charplexe.ca\/wp-content\/uploads\/2020\/03\/85226546_10156584044210810_7089999134538596352_n.jpg\"><img loading=\"lazy\" decoding=\"async\" class=\"alignleft wp-image-2629\" src=\"http:\/\/charplexe.ca\/wp-content\/uploads\/2020\/03\/85226546_10156584044210810_7089999134538596352_n.jpg\" alt=\"\" width=\"500\" height=\"319\" srcset=\"http:\/\/charplexe.ca\/wp-content\/uploads\/2020\/03\/85226546_10156584044210810_7089999134538596352_n.jpg 960w, http:\/\/charplexe.ca\/wp-content\/uploads\/2020\/03\/85226546_10156584044210810_7089999134538596352_n-300x191.jpg 300w, http:\/\/charplexe.ca\/wp-content\/uploads\/2020\/03\/85226546_10156584044210810_7089999134538596352_n-768x490.jpg 768w\" sizes=\"auto, (max-width: 500px) 100vw, 500px\" \/><\/a> <a href=\"http:\/\/charplexe.ca\/wp-content\/uploads\/2020\/03\/84712054_10156584042105810_4900787761839079424_n.jpg\"><img loading=\"lazy\" decoding=\"async\" class=\"alignright wp-image-2632\" src=\"http:\/\/charplexe.ca\/wp-content\/uploads\/2020\/03\/84712054_10156584042105810_4900787761839079424_n.jpg\" alt=\"\" width=\"500\" height=\"321\" srcset=\"http:\/\/charplexe.ca\/wp-content\/uploads\/2020\/03\/84712054_10156584042105810_4900787761839079424_n.jpg 960w, http:\/\/charplexe.ca\/wp-content\/uploads\/2020\/03\/84712054_10156584042105810_4900787761839079424_n-300x193.jpg 300w, http:\/\/charplexe.ca\/wp-content\/uploads\/2020\/03\/84712054_10156584042105810_4900787761839079424_n-768x493.jpg 768w\" sizes=\"auto, (max-width: 500px) 100vw, 500px\" \/><\/a><\/p>\n<h3><\/h3>\n<h3><\/h3>\n<h3>Contact<\/h3>\n<p>Pour plus d&#8217;information et pour recevoir les plans et tous les prix, vous pouvez rejoindre Valentin au 438 978 6313<\/p>\n<p>108 Dor\u00e9-Jaune, Terrebonne J6V 0E5<\/p>\n<p><iframe loading=\"lazy\" style=\"border: 0;\" tabindex=\"0\" src=\"https:\/\/www.google.com\/maps\/embed?pb=!1m18!1m12!1m3!1d2785.8185442305826!2d-73.50511798443414!3d45.71467697910465!2m3!1f0!2f0!3f0!3m2!1i1024!2i768!4f13.1!3m3!1m2!1s0x4cc8e6bec22b360f%3A0x2080a8b8039532b3!2sRue%20du%20Dor%C3%A9-Jaune%2C%20Terrebonne%2C%20QC%20J6V%200C6!5e0!3m2!1sfr!2sca!4v1584062281085!5m2!1sfr!2sca\" width=\"600\" height=\"450\" frameborder=\"0\" allowfullscreen=\"allowfullscreen\" aria-hidden=\"false\"><\/iframe><\/p>\n","protected":false},"excerpt":{"rendered":"<p>Attraits et avantages ***LOCATIONS DISPONIBLES A PARTIR DE JUIN*** 3 \u00bd, 4 \u00bd &amp; 5 \u00bd \u00a0construction neuve au 108 Dor\u00e9-Jaune, un projet situ\u00e9 dans un complexe de 48 logements modernes avec ascenseur comptant plusieurs parcs, plans d\u2019eau. De plus, il se situe \u00e0 proximit\u00e9 de toutes commodit\u00e9s n\u00e9cessaires, garderies, pistes cyclables, centre d&#8217;achats, \u00e9piceries, [&hellip;]<\/p>\n","protected":false},"author":8,"featured_media":0,"parent":0,"menu_order":0,"comment_status":"closed","ping_status":"closed","template":"","meta":{"footnotes":""},"class_list":["post-2625","page","type-page","status-publish","hentry"],"translation":{"provider":"WPGlobus","version":"3.0.2","language":"en","enabled_languages":["fr","en"],"languages":{"fr":{"title":true,"content":true,"excerpt":false},"en":{"title":false,"content":false,"excerpt":false}}},"_links":{"self":[{"href":"http:\/\/charplexe.ca\/en\/wp-json\/wp\/v2\/pages\/2625","targetHints":{"allow":["GET"]}}],"collection":[{"href":"http:\/\/charplexe.ca\/en\/wp-json\/wp\/v2\/pages"}],"about":[{"href":"http:\/\/charplexe.ca\/en\/wp-json\/wp\/v2\/types\/page"}],"author":[{"embeddable":true,"href":"http:\/\/charplexe.ca\/en\/wp-json\/wp\/v2\/users\/8"}],"replies":[{"embeddable":true,"href":"http:\/\/charplexe.ca\/en\/wp-json\/wp\/v2\/comments?post=2625"}],"version-history":[{"count":5,"href":"http:\/\/charplexe.ca\/en\/wp-json\/wp\/v2\/pages\/2625\/revisions"}],"predecessor-version":[{"id":3625,"href":"http:\/\/charplexe.ca\/en\/wp-json\/wp\/v2\/pages\/2625\/revisions\/3625"}],"wp:attachment":[{"href":"http:\/\/charplexe.ca\/en\/wp-json\/wp\/v2\/media?parent=2625"}],"curies":[{"name":"wp","href":"https:\/\/api.w.org\/{rel}","templated":true}]}}