{"id":2703,"date":"2020-03-23T21:25:50","date_gmt":"2020-03-24T01:25:50","guid":{"rendered":"http:\/\/charplexe.ca\/?page_id=2703"},"modified":"2020-10-05T16:29:18","modified_gmt":"2020-10-05T20:29:18","slug":"projet-rue-des-melezes-rosemere-%e2%80%8elotus-4150-gd","status":"publish","type":"page","link":"http:\/\/charplexe.ca\/en\/projet-rue-des-melezes-rosemere-%e2%80%8elotus-4150-gd\/","title":{"rendered":"LOTUS 4150 GARAGE DOUBLE"},"content":{"rendered":"<p>MAISON UNIFAMILIALE<\/p>\n<h3><\/h3>\n<h5><u>FA\u00c7ADE<\/u><\/h5>\n<p><a href=\"http:\/\/charplexe.ca\/wp-content\/uploads\/2020\/10\/image002.jpg\"><img loading=\"lazy\" decoding=\"async\" class=\"alignnone wp-image-3058\" src=\"http:\/\/charplexe.ca\/wp-content\/uploads\/2020\/10\/image002-300x195.jpg\" alt=\"\" width=\"520\" height=\"337\" srcset=\"http:\/\/charplexe.ca\/wp-content\/uploads\/2020\/10\/image002-300x195.jpg 300w, http:\/\/charplexe.ca\/wp-content\/uploads\/2020\/10\/image002-768x498.jpg 768w, http:\/\/charplexe.ca\/wp-content\/uploads\/2020\/10\/image002.jpg 865w\" sizes=\"auto, (max-width: 520px) 100vw, 520px\" \/><\/a><\/p>\n<h5><\/h5>\n<p>Nous vous proposons notre tr\u00e8s populaire mod\u00e8le <strong>LOTUS\u00a04150 Garage double<\/strong> de 4 chambres \u00e0 coucher.\u00a0Ce magnifique et spacieux cottage fait plus de 40\u201910\u2019\u2019 en largeur x 50\u2019 de profondeur.<\/p>\n<p>Ce mod\u00e8le saura vous charmer par sa vaste et pratique cuisine \u00e0 aire ouverte, munie de nombreuses armoires et un \u00eelot central convivial, donnant sur la salle familiale.<\/p>\n<p>\u00c0 l\u2019\u00e9tage, vous serez conquis par la tr\u00e8s grande chambre des ma\u00eetres munie d\u2019un pratique walk-in et d\u2019une salle de bain priv\u00e9e avec douche vitr\u00e9e en c\u00e9ramique, bain podium et 2 lavabos, en plus de 3 autres chambres de tr\u00e8s bonne dimension et une 2<sup>e<\/sup> salle de bain compl\u00e8te!!<\/p>\n<p>&nbsp;<\/p>\n<p><strong><u>Nos maisons offrent entre autres inclusions\u00a0<\/u>:<\/strong><\/p>\n<ul>\n<li>Choix de couleur pour la finition ext\u00e9rieure (boiserie, vinyle et couverture) et pour l\u2019int\u00e9rieur (c\u00e9ramique, armoires)<\/li>\n<li>Syst\u00e8me central \u00e0 air chaud, thermopompe AC, \u00e9changeur d\u2019air r\u00e9cup\u00e9rateur de chaleur,<\/li>\n<li>Comptoir et \u00eelot de cuisine en quartz, \u00e9vier double encastr\u00e9, armoires de cuisine en PCM lustr\u00e9 et dosseret de c\u00e9ramique;<\/li>\n<li>Planchers et escaliers de bois franc, choix de couleur aux niveaux RDC et \u00e9tage, rampe de bois et m\u00e9tal.<\/li>\n<li>Drains DTL pour future salle de bain au sous-sol<\/li>\n<li>Pr\u00e9filage pour c\u00e2ble, t\u00e9l\u00e9phone et alarme.\u00a0 Tuyauterie pour aspirateur central dans les murs sur les 3 \u00e9tages<\/li>\n<li>R\u00e9servoir \u00e0 eau chaude 60 gallons, entr\u00e9e \u00e9lectrique de 200 amp\u00e8res.<\/li>\n<\/ul>\n<p>Toutes nos maisons sont construites avec des mat\u00e9riaux de qualit\u00e9, tant \u00e0 l\u2019ext\u00e9rieur qu\u2019\u00e0 l\u2019int\u00e9rieur des murs, sont tr\u00e8s chaleureuses, spacieuses, bien \u00e9clair\u00e9es et au go\u00fbt du jour, ce qui en fait des mod\u00e8les tr\u00e8s appr\u00e9ci\u00e9s de notre client\u00e8le.<\/p>\n<p>&nbsp;<\/p>\n<h5><strong><u>PLANS PLANCHERS<\/u><\/strong><\/h5>\n<p><a href=\"http:\/\/charplexe.ca\/wp-content\/uploads\/2020\/10\/Plan-plancher-RDC.jpg\"><img loading=\"lazy\" decoding=\"async\" class=\"alignleft wp-image-3061\" src=\"http:\/\/charplexe.ca\/wp-content\/uploads\/2020\/10\/Plan-plancher-RDC-232x300.jpg\" alt=\"\" width=\"380\" height=\"492\" srcset=\"http:\/\/charplexe.ca\/wp-content\/uploads\/2020\/10\/Plan-plancher-RDC-232x300.jpg 232w, http:\/\/charplexe.ca\/wp-content\/uploads\/2020\/10\/Plan-plancher-RDC-791x1024.jpg 791w, http:\/\/charplexe.ca\/wp-content\/uploads\/2020\/10\/Plan-plancher-RDC-768x994.jpg 768w, http:\/\/charplexe.ca\/wp-content\/uploads\/2020\/10\/Plan-plancher-RDC-1187x1536.jpg 1187w, http:\/\/charplexe.ca\/wp-content\/uploads\/2020\/10\/Plan-plancher-RDC-1583x2048.jpg 1583w, http:\/\/charplexe.ca\/wp-content\/uploads\/2020\/10\/Plan-plancher-RDC.jpg 1700w\" sizes=\"auto, (max-width: 380px) 100vw, 380px\" \/><\/a><\/p>\n<p><a href=\"http:\/\/charplexe.ca\/wp-content\/uploads\/2020\/10\/image003.jpg\"><img loading=\"lazy\" decoding=\"async\" class=\"alignright wp-image-3059\" src=\"http:\/\/charplexe.ca\/wp-content\/uploads\/2020\/10\/image003-232x300.jpg\" alt=\"\" width=\"380\" height=\"492\" srcset=\"http:\/\/charplexe.ca\/wp-content\/uploads\/2020\/10\/image003-232x300.jpg 232w, http:\/\/charplexe.ca\/wp-content\/uploads\/2020\/10\/image003-791x1024.jpg 791w, http:\/\/charplexe.ca\/wp-content\/uploads\/2020\/10\/image003-768x994.jpg 768w, http:\/\/charplexe.ca\/wp-content\/uploads\/2020\/10\/image003.jpg 865w\" sizes=\"auto, (max-width: 380px) 100vw, 380px\" \/><\/a><\/p>\n<h5><\/h5>\n<h5><a href=\"http:\/\/charplexe.ca\/wp-content\/uploads\/2020\/10\/image005.jpg\"><img loading=\"lazy\" decoding=\"async\" class=\"aligncenter wp-image-3060\" src=\"http:\/\/charplexe.ca\/wp-content\/uploads\/2020\/10\/image005-232x300.jpg\" alt=\"\" width=\"380\" height=\"492\" srcset=\"http:\/\/charplexe.ca\/wp-content\/uploads\/2020\/10\/image005-232x300.jpg 232w, http:\/\/charplexe.ca\/wp-content\/uploads\/2020\/10\/image005-791x1024.jpg 791w, http:\/\/charplexe.ca\/wp-content\/uploads\/2020\/10\/image005-768x994.jpg 768w, http:\/\/charplexe.ca\/wp-content\/uploads\/2020\/10\/image005.jpg 865w\" sizes=\"auto, (max-width: 380px) 100vw, 380px\" \/><\/a><\/h5>\n<h5><strong><u>INFORMATIONS<\/u><\/strong><\/h5>\n<p style=\"font-weight: 400;\"><b>Pour plus d&#8217;information, veuillez nous contacter :<br \/>\n<\/b>Courriel\u00a0:\u00a0 \u00a0\u00a0\u00a0\u00a0\u00a0\u00a0\u00a0\u00a0 <a href=\"mailto:jgaudet@charplexe.ca\">jgaudet@charplexe.ca<\/a><br \/>\nT\u00e9l\u00e9phone\u00a0:\u00a0 \u00a0\u00a0 514-461-1200<\/p>\n<p style=\"text-align: center;\">\n","protected":false},"excerpt":{"rendered":"<p>MAISON UNIFAMILIALE FA\u00c7ADE Nous vous proposons notre tr\u00e8s populaire mod\u00e8le LOTUS\u00a04150 Garage double de 4 chambres \u00e0 coucher.\u00a0Ce magnifique et spacieux cottage fait plus de 40\u201910\u2019\u2019 en largeur x 50\u2019 de profondeur. Ce mod\u00e8le saura vous charmer par sa vaste et pratique cuisine \u00e0 aire ouverte, munie de nombreuses armoires et un \u00eelot central convivial, [&hellip;]<\/p>\n","protected":false},"author":8,"featured_media":0,"parent":0,"menu_order":0,"comment_status":"closed","ping_status":"closed","template":"","meta":{"footnotes":""},"class_list":["post-2703","page","type-page","status-publish","hentry"],"translation":{"provider":"WPGlobus","version":"3.0.2","language":"en","enabled_languages":["fr","en"],"languages":{"fr":{"title":true,"content":true,"excerpt":false},"en":{"title":false,"content":false,"excerpt":false}}},"_links":{"self":[{"href":"http:\/\/charplexe.ca\/en\/wp-json\/wp\/v2\/pages\/2703","targetHints":{"allow":["GET"]}}],"collection":[{"href":"http:\/\/charplexe.ca\/en\/wp-json\/wp\/v2\/pages"}],"about":[{"href":"http:\/\/charplexe.ca\/en\/wp-json\/wp\/v2\/types\/page"}],"author":[{"embeddable":true,"href":"http:\/\/charplexe.ca\/en\/wp-json\/wp\/v2\/users\/8"}],"replies":[{"embeddable":true,"href":"http:\/\/charplexe.ca\/en\/wp-json\/wp\/v2\/comments?post=2703"}],"version-history":[{"count":5,"href":"http:\/\/charplexe.ca\/en\/wp-json\/wp\/v2\/pages\/2703\/revisions"}],"predecessor-version":[{"id":3062,"href":"http:\/\/charplexe.ca\/en\/wp-json\/wp\/v2\/pages\/2703\/revisions\/3062"}],"wp:attachment":[{"href":"http:\/\/charplexe.ca\/en\/wp-json\/wp\/v2\/media?parent=2703"}],"curies":[{"name":"wp","href":"https:\/\/api.w.org\/{rel}","templated":true}]}}