{"id":3164,"date":"2020-10-14T10:46:22","date_gmt":"2020-10-14T14:46:22","guid":{"rendered":"http:\/\/charplexe.ca\/?page_id=3164"},"modified":"2022-10-01T12:36:52","modified_gmt":"2022-10-01T16:36:52","slug":"projet-locatif-quai-de-la-gare-sainte-rose","status":"publish","type":"page","link":"http:\/\/charplexe.ca\/en\/projet-locatif-quai-de-la-gare-sainte-rose\/","title":{"rendered":"Projet Locatif Quai de la Gare Sainte-Rose"},"content":{"rendered":"<p>NOUVEAU PROJET LOCATIF : TRIPLEX ET DUPLEX<\/p>\n<h3>Attrait et avantages<\/h3>\n<p>Le Quai de la Gare Sainte-Rose \u00e0 Laval est un vaste d\u00e9veloppement immobilier \u00e9voluant en 4 phases. \u00c0 terme, pr\u00e8s de 600 unit\u00e9s haut de gamme en location verront le jour dans cet ensemble urbain dynamique compos\u00e9 de duplex et de triplex. Ce projet situ\u00e9 \u00e0 quelques minutes \u00e0 pied la Gare Ste Rose est unique et r\u00e9pond parfaitement aux valeurs de d\u00e9veloppement durable exprim\u00e9es par une client\u00e8le responsable qui souhaite faire partie du changement.<\/p>\n<p>Au Quai de la Gare Sainte-Rose nous croyons fermement que le virage vert doit \u00eatre centr\u00e9 sur la qualit\u00e9 de vie et simplifier la vie des r\u00e9sidents. Notre vision est durable, intelligente et ne fait place \u00e0 aucun compromis.<\/p>\n<p><iframe loading=\"lazy\" src=\"https:\/\/player.vimeo.com\/video\/446500553\" width=\"740\" height=\"460\" frameborder=\"0\" allowfullscreen=\"allowfullscreen\" data-mce-fragment=\"1\"><span data-mce-type=\"bookmark\" style=\"display: inline-block; width: 0px; overflow: hidden; line-height: 0;\" class=\"mce_SELRES_start\">\ufeff<\/span><span data-mce-type=\"bookmark\" style=\"display: inline-block; width: 0px; overflow: hidden; line-height: 0;\" class=\"mce_SELRES_start\">\ufeff<\/span><\/iframe><\/p>\n<h3 style=\"text-align: center;\"><a href=\"https:\/\/quaigaresterose.com\"><strong>&gt;&gt; EN SAVOIR PLUS &lt;&lt;<\/strong><\/a><\/h3>\n<h3>Galerie<\/h3>\n<div id=\"envira-gallery-wrap-1037\" class=\"envira-gallery-wrap envira-gallery-theme-base envira-lightbox-theme-base\" itemscope itemtype=\"https:\/\/schema.org\/ImageGallery\"><div data-row-height=\"\" data-gallery-theme=\"\" id=\"envira-gallery-1037\" class=\"envira-gallery-public  envira-gallery-4-columns envira-clear enviratope envira-gallery-css-animations\" data-envira-columns=\"4\"><div id=\"envira-gallery-item-3282\" class=\"envira-gallery-item enviratope-item envira-gallery-item-1\" style=\"padding-left: 5px; padding-bottom: 10px; padding-right: 5px;\"  itemscope itemtype=\"https:\/\/schema.org\/ImageObject\"><div class=\"envira-gallery-item-inner\"><div class=\"envira-gallery-position-overlay  envira-gallery-top-left\"><\/div><div class=\"envira-gallery-position-overlay  envira-gallery-top-right\"><\/div><div class=\"envira-gallery-position-overlay  envira-gallery-bottom-left\"><\/div><div class=\"envira-gallery-position-overlay  envira-gallery-bottom-right\"><\/div><a href=\"http:\/\/charplexe.ca\/wp-content\/uploads\/2017\/10\/Capture-decran-le-2021-01-13-a-10.39.49.png\" class=\"envira-gallery-1037 envira-gallery-link\" rel=\"enviragallery1037\" title=\"Capture d&rsquo;&eacute;cran, le 2021-01-13 &agrave; 10.39.49\" data-envira-caption=\"Capture d&rsquo;&eacute;cran, le 2021-01-13 &agrave; 10.39.49\" data-envira-retina=\"\" data-thumbnail=\"\"  itemprop=\"contentUrl\"><img decoding=\"async\" id=\"envira-gallery-image-3282\" class=\"envira-gallery-image envira-gallery-image-1\" data-envira-index=\"1\" src=\"http:\/\/charplexe.ca\/wp-content\/uploads\/2017\/10\/Capture-decran-le-2021-01-13-a-10.39.49-1536x807.png\" data-envira-src=\"http:\/\/charplexe.ca\/wp-content\/uploads\/2017\/10\/Capture-decran-le-2021-01-13-a-10.39.49-1536x807.png\" data-envira-gallery-id=\"1037\" data-envira-item-id=\"3282\" data-envira-caption=\"Capture d&rsquo;&eacute;cran, le 2021-01-13 &agrave; 10.39.49\" alt=\"\" title=\"Capture d&amp;rsquo;&amp;eacute;cran, le 2021-01-13 &amp;agrave; 10.39.49\"  itemprop=\"thumbnailUrl\" data-envira-srcset=\"http:\/\/charplexe.ca\/wp-content\/uploads\/2017\/10\/Capture-decran-le-2021-01-13-a-10.39.49-1536x807.png 400w,http:\/\/charplexe.ca\/wp-content\/uploads\/2017\/10\/Capture-decran-le-2021-01-13-a-10.39.49-1536x807.png 2x\" srcset=\"http:\/\/charplexe.ca\/wp-content\/uploads\/2017\/10\/Capture-decran-le-2021-01-13-a-10.39.49.png 2x\" \/><\/a><\/div><\/div><div id=\"envira-gallery-item-3279\" class=\"envira-gallery-item enviratope-item envira-gallery-item-2\" style=\"padding-left: 5px; padding-bottom: 10px; padding-right: 5px;\"  itemscope itemtype=\"https:\/\/schema.org\/ImageObject\"><div class=\"envira-gallery-item-inner\"><div class=\"envira-gallery-position-overlay  envira-gallery-top-left\"><\/div><div class=\"envira-gallery-position-overlay  envira-gallery-top-right\"><\/div><div class=\"envira-gallery-position-overlay  envira-gallery-bottom-left\"><\/div><div class=\"envira-gallery-position-overlay  envira-gallery-bottom-right\"><\/div><a href=\"http:\/\/charplexe.ca\/wp-content\/uploads\/2017\/10\/Capture-decran-le-2021-01-13-a-10.39.20.png\" class=\"envira-gallery-1037 envira-gallery-link\" rel=\"enviragallery1037\" title=\"Capture d&rsquo;&eacute;cran, le 2021-01-13 &agrave; 10.39.20\" data-envira-caption=\"Capture d&rsquo;&eacute;cran, le 2021-01-13 &agrave; 10.39.20\" data-envira-retina=\"\" data-thumbnail=\"\"  itemprop=\"contentUrl\"><img decoding=\"async\" id=\"envira-gallery-image-3279\" class=\"envira-gallery-image envira-gallery-image-2\" data-envira-index=\"2\" src=\"http:\/\/charplexe.ca\/wp-content\/uploads\/2017\/10\/Capture-decran-le-2021-01-13-a-10.39.20-1536x783.png\" data-envira-src=\"http:\/\/charplexe.ca\/wp-content\/uploads\/2017\/10\/Capture-decran-le-2021-01-13-a-10.39.20-1536x783.png\" data-envira-gallery-id=\"1037\" data-envira-item-id=\"3279\" data-envira-caption=\"Capture d&rsquo;&eacute;cran, le 2021-01-13 &agrave; 10.39.20\" alt=\"\" title=\"Capture d&amp;rsquo;&amp;eacute;cran, le 2021-01-13 &amp;agrave; 10.39.20\"  itemprop=\"thumbnailUrl\" data-envira-srcset=\"http:\/\/charplexe.ca\/wp-content\/uploads\/2017\/10\/Capture-decran-le-2021-01-13-a-10.39.20-1536x783.png 400w,http:\/\/charplexe.ca\/wp-content\/uploads\/2017\/10\/Capture-decran-le-2021-01-13-a-10.39.20-1536x783.png 2x\" srcset=\"http:\/\/charplexe.ca\/wp-content\/uploads\/2017\/10\/Capture-decran-le-2021-01-13-a-10.39.20.png 2x\" \/><\/a><\/div><\/div><div id=\"envira-gallery-item-3280\" class=\"envira-gallery-item enviratope-item envira-gallery-item-3\" style=\"padding-left: 5px; padding-bottom: 10px; padding-right: 5px;\"  itemscope itemtype=\"https:\/\/schema.org\/ImageObject\"><div class=\"envira-gallery-item-inner\"><div class=\"envira-gallery-position-overlay  envira-gallery-top-left\"><\/div><div class=\"envira-gallery-position-overlay  envira-gallery-top-right\"><\/div><div class=\"envira-gallery-position-overlay  envira-gallery-bottom-left\"><\/div><div class=\"envira-gallery-position-overlay  envira-gallery-bottom-right\"><\/div><a href=\"http:\/\/charplexe.ca\/wp-content\/uploads\/2017\/10\/17-345-_13-Photo.jpg\" class=\"envira-gallery-1037 envira-gallery-link\" rel=\"enviragallery1037\" title=\"17-345 -_13 &amp;amp;#8211; Photo\" data-envira-caption=\"17-345 -_13 &amp;amp;#8211; Photo\" data-envira-retina=\"\" data-thumbnail=\"\"  itemprop=\"contentUrl\"><img decoding=\"async\" id=\"envira-gallery-image-3280\" class=\"envira-gallery-image envira-gallery-image-3\" data-envira-index=\"3\" src=\"http:\/\/charplexe.ca\/wp-content\/uploads\/2017\/10\/17-345-_13-Photo-1536x864.jpg\" data-envira-src=\"http:\/\/charplexe.ca\/wp-content\/uploads\/2017\/10\/17-345-_13-Photo-1536x864.jpg\" data-envira-gallery-id=\"1037\" data-envira-item-id=\"3280\" data-envira-caption=\"17-345 -_13 &amp;amp;#8211; Photo\" alt=\"\" title=\"17-345 -_13 &amp;amp;amp;#8211; Photo\"  itemprop=\"thumbnailUrl\" data-envira-srcset=\"http:\/\/charplexe.ca\/wp-content\/uploads\/2017\/10\/17-345-_13-Photo-1536x864.jpg 400w,http:\/\/charplexe.ca\/wp-content\/uploads\/2017\/10\/17-345-_13-Photo-1536x864.jpg 2x\" srcset=\"http:\/\/charplexe.ca\/wp-content\/uploads\/2017\/10\/17-345-_13-Photo.jpg 2x\" \/><\/a><\/div><\/div><div id=\"envira-gallery-item-3281\" class=\"envira-gallery-item enviratope-item envira-gallery-item-4\" style=\"padding-left: 5px; padding-bottom: 10px; padding-right: 5px;\"  itemscope itemtype=\"https:\/\/schema.org\/ImageObject\"><div class=\"envira-gallery-item-inner\"><div class=\"envira-gallery-position-overlay  envira-gallery-top-left\"><\/div><div class=\"envira-gallery-position-overlay  envira-gallery-top-right\"><\/div><div class=\"envira-gallery-position-overlay  envira-gallery-bottom-left\"><\/div><div class=\"envira-gallery-position-overlay  envira-gallery-bottom-right\"><\/div><a href=\"http:\/\/charplexe.ca\/wp-content\/uploads\/2017\/10\/Capture-decran-le-2021-01-13-a-10.39.34.png\" class=\"envira-gallery-1037 envira-gallery-link\" rel=\"enviragallery1037\" title=\"Capture d&rsquo;&eacute;cran, le 2021-01-13 &agrave; 10.39.34\" data-envira-caption=\"Capture d&rsquo;&eacute;cran, le 2021-01-13 &agrave; 10.39.34\" data-envira-retina=\"\" data-thumbnail=\"\"  itemprop=\"contentUrl\"><img decoding=\"async\" id=\"envira-gallery-image-3281\" class=\"envira-gallery-image envira-gallery-image-4\" data-envira-index=\"4\" src=\"http:\/\/charplexe.ca\/wp-content\/uploads\/2017\/10\/Capture-decran-le-2021-01-13-a-10.39.34-1536x803.png\" data-envira-src=\"http:\/\/charplexe.ca\/wp-content\/uploads\/2017\/10\/Capture-decran-le-2021-01-13-a-10.39.34-1536x803.png\" data-envira-gallery-id=\"1037\" data-envira-item-id=\"3281\" data-envira-caption=\"Capture d&rsquo;&eacute;cran, le 2021-01-13 &agrave; 10.39.34\" alt=\"\" title=\"Capture d&amp;rsquo;&amp;eacute;cran, le 2021-01-13 &amp;agrave; 10.39.34\"  itemprop=\"thumbnailUrl\" data-envira-srcset=\"http:\/\/charplexe.ca\/wp-content\/uploads\/2017\/10\/Capture-decran-le-2021-01-13-a-10.39.34-1536x803.png 400w,http:\/\/charplexe.ca\/wp-content\/uploads\/2017\/10\/Capture-decran-le-2021-01-13-a-10.39.34-1536x803.png 2x\" srcset=\"http:\/\/charplexe.ca\/wp-content\/uploads\/2017\/10\/Capture-decran-le-2021-01-13-a-10.39.34.png 2x\" \/><\/a><\/div><\/div><div id=\"envira-gallery-item-3283\" class=\"envira-gallery-item enviratope-item envira-gallery-item-5\" style=\"padding-left: 5px; padding-bottom: 10px; padding-right: 5px;\"  itemscope itemtype=\"https:\/\/schema.org\/ImageObject\"><div class=\"envira-gallery-item-inner\"><div class=\"envira-gallery-position-overlay  envira-gallery-top-left\"><\/div><div class=\"envira-gallery-position-overlay  envira-gallery-top-right\"><\/div><div class=\"envira-gallery-position-overlay  envira-gallery-bottom-left\"><\/div><div class=\"envira-gallery-position-overlay  envira-gallery-bottom-right\"><\/div><a href=\"http:\/\/charplexe.ca\/wp-content\/uploads\/2017\/10\/Capture-decran-le-2021-01-13-a-10.40.24.png\" class=\"envira-gallery-1037 envira-gallery-link\" rel=\"enviragallery1037\" title=\"Capture d&rsquo;&eacute;cran, le 2021-01-13 &agrave; 10.40.24\" data-envira-caption=\"Capture d&rsquo;&eacute;cran, le 2021-01-13 &agrave; 10.40.24\" data-envira-retina=\"\" data-thumbnail=\"\"  itemprop=\"contentUrl\"><img decoding=\"async\" id=\"envira-gallery-image-3283\" class=\"envira-gallery-image envira-gallery-image-5\" data-envira-index=\"5\" src=\"http:\/\/charplexe.ca\/wp-content\/uploads\/2017\/10\/Capture-decran-le-2021-01-13-a-10.40.24-1536x802.png\" data-envira-src=\"http:\/\/charplexe.ca\/wp-content\/uploads\/2017\/10\/Capture-decran-le-2021-01-13-a-10.40.24-1536x802.png\" data-envira-gallery-id=\"1037\" data-envira-item-id=\"3283\" data-envira-caption=\"Capture d&rsquo;&eacute;cran, le 2021-01-13 &agrave; 10.40.24\" alt=\"\" title=\"Capture d&amp;rsquo;&amp;eacute;cran, le 2021-01-13 &amp;agrave; 10.40.24\"  itemprop=\"thumbnailUrl\" data-envira-srcset=\"http:\/\/charplexe.ca\/wp-content\/uploads\/2017\/10\/Capture-decran-le-2021-01-13-a-10.40.24-1536x802.png 400w,http:\/\/charplexe.ca\/wp-content\/uploads\/2017\/10\/Capture-decran-le-2021-01-13-a-10.40.24-1536x802.png 2x\" srcset=\"http:\/\/charplexe.ca\/wp-content\/uploads\/2017\/10\/Capture-decran-le-2021-01-13-a-10.40.24.png 2x\" \/><\/a><\/div><\/div><div id=\"envira-gallery-item-3285\" class=\"envira-gallery-item enviratope-item envira-gallery-item-6\" style=\"padding-left: 5px; padding-bottom: 10px; padding-right: 5px;\"  itemscope itemtype=\"https:\/\/schema.org\/ImageObject\"><div class=\"envira-gallery-item-inner\"><div class=\"envira-gallery-position-overlay  envira-gallery-top-left\"><\/div><div class=\"envira-gallery-position-overlay  envira-gallery-top-right\"><\/div><div class=\"envira-gallery-position-overlay  envira-gallery-bottom-left\"><\/div><div class=\"envira-gallery-position-overlay  envira-gallery-bottom-right\"><\/div><a href=\"http:\/\/charplexe.ca\/wp-content\/uploads\/2017\/10\/Capture-decran-le-2021-01-13-a-10.40.56.png\" class=\"envira-gallery-1037 envira-gallery-link\" rel=\"enviragallery1037\" title=\"Capture d&rsquo;&eacute;cran, le 2021-01-13 &agrave; 10.40.56\" data-envira-caption=\"Capture d&rsquo;&eacute;cran, le 2021-01-13 &agrave; 10.40.56\" data-envira-retina=\"\" data-thumbnail=\"\"  itemprop=\"contentUrl\"><img decoding=\"async\" id=\"envira-gallery-image-3285\" class=\"envira-gallery-image envira-gallery-image-6\" data-envira-index=\"6\" src=\"http:\/\/charplexe.ca\/wp-content\/uploads\/2017\/10\/Capture-decran-le-2021-01-13-a-10.40.56-1536x804.png\" data-envira-src=\"http:\/\/charplexe.ca\/wp-content\/uploads\/2017\/10\/Capture-decran-le-2021-01-13-a-10.40.56-1536x804.png\" data-envira-gallery-id=\"1037\" data-envira-item-id=\"3285\" data-envira-caption=\"Capture d&rsquo;&eacute;cran, le 2021-01-13 &agrave; 10.40.56\" alt=\"\" title=\"Capture d&amp;rsquo;&amp;eacute;cran, le 2021-01-13 &amp;agrave; 10.40.56\"  itemprop=\"thumbnailUrl\" data-envira-srcset=\"http:\/\/charplexe.ca\/wp-content\/uploads\/2017\/10\/Capture-decran-le-2021-01-13-a-10.40.56-1536x804.png 400w,http:\/\/charplexe.ca\/wp-content\/uploads\/2017\/10\/Capture-decran-le-2021-01-13-a-10.40.56-1536x804.png 2x\" srcset=\"http:\/\/charplexe.ca\/wp-content\/uploads\/2017\/10\/Capture-decran-le-2021-01-13-a-10.40.56.png 2x\" \/><\/a><\/div><\/div><div id=\"envira-gallery-item-3286\" class=\"envira-gallery-item enviratope-item envira-gallery-item-7\" style=\"padding-left: 5px; padding-bottom: 10px; padding-right: 5px;\"  itemscope itemtype=\"https:\/\/schema.org\/ImageObject\"><div class=\"envira-gallery-item-inner\"><div class=\"envira-gallery-position-overlay  envira-gallery-top-left\"><\/div><div class=\"envira-gallery-position-overlay  envira-gallery-top-right\"><\/div><div class=\"envira-gallery-position-overlay  envira-gallery-bottom-left\"><\/div><div class=\"envira-gallery-position-overlay  envira-gallery-bottom-right\"><\/div><a href=\"http:\/\/charplexe.ca\/wp-content\/uploads\/2017\/10\/Capture-decran-le-2021-01-13-a-10.41.15.png\" class=\"envira-gallery-1037 envira-gallery-link\" rel=\"enviragallery1037\" title=\"Capture d&rsquo;&eacute;cran, le 2021-01-13 &agrave; 10.41.15\" data-envira-caption=\"Capture d&rsquo;&eacute;cran, le 2021-01-13 &agrave; 10.41.15\" data-envira-retina=\"\" data-thumbnail=\"\"  itemprop=\"contentUrl\"><img decoding=\"async\" id=\"envira-gallery-image-3286\" class=\"envira-gallery-image envira-gallery-image-7\" data-envira-index=\"7\" src=\"http:\/\/charplexe.ca\/wp-content\/uploads\/2017\/10\/Capture-decran-le-2021-01-13-a-10.41.15-1536x808.png\" data-envira-src=\"http:\/\/charplexe.ca\/wp-content\/uploads\/2017\/10\/Capture-decran-le-2021-01-13-a-10.41.15-1536x808.png\" data-envira-gallery-id=\"1037\" data-envira-item-id=\"3286\" data-envira-caption=\"Capture d&rsquo;&eacute;cran, le 2021-01-13 &agrave; 10.41.15\" alt=\"\" title=\"Capture d&amp;rsquo;&amp;eacute;cran, le 2021-01-13 &amp;agrave; 10.41.15\"  itemprop=\"thumbnailUrl\" data-envira-srcset=\"http:\/\/charplexe.ca\/wp-content\/uploads\/2017\/10\/Capture-decran-le-2021-01-13-a-10.41.15-1536x808.png 400w,http:\/\/charplexe.ca\/wp-content\/uploads\/2017\/10\/Capture-decran-le-2021-01-13-a-10.41.15-1536x808.png 2x\" srcset=\"http:\/\/charplexe.ca\/wp-content\/uploads\/2017\/10\/Capture-decran-le-2021-01-13-a-10.41.15.png 2x\" \/><\/a><\/div><\/div><\/div><\/div><noscript><img decoding=\"async\" src=\"http:\/\/charplexe.ca\/wp-content\/uploads\/2017\/10\/Capture-decran-le-2021-01-13-a-10.39.49.png\" alt=\"\" \/><img decoding=\"async\" src=\"http:\/\/charplexe.ca\/wp-content\/uploads\/2017\/10\/Capture-decran-le-2021-01-13-a-10.39.20.png\" alt=\"\" \/><img decoding=\"async\" src=\"http:\/\/charplexe.ca\/wp-content\/uploads\/2017\/10\/17-345-_13-Photo.jpg\" alt=\"\" \/><img decoding=\"async\" src=\"http:\/\/charplexe.ca\/wp-content\/uploads\/2017\/10\/Capture-decran-le-2021-01-13-a-10.39.34.png\" alt=\"\" \/><img decoding=\"async\" src=\"http:\/\/charplexe.ca\/wp-content\/uploads\/2017\/10\/Capture-decran-le-2021-01-13-a-10.40.24.png\" alt=\"\" \/><img decoding=\"async\" src=\"http:\/\/charplexe.ca\/wp-content\/uploads\/2017\/10\/Capture-decran-le-2021-01-13-a-10.40.56.png\" alt=\"\" \/><img decoding=\"async\" src=\"http:\/\/charplexe.ca\/wp-content\/uploads\/2017\/10\/Capture-decran-le-2021-01-13-a-10.41.15.png\" alt=\"\" \/><\/noscript>\n<h3>Contact<\/h3>\n<p>Pour en conna\u00eetre davantage sur ce projet contactez notre repr\u00e9sentante Marie-Eve, qui se fera un plaisir de vous renseigner au\u00a0514-577-4514 ou par courriel :\u00a0<a href=\"mailto:medenis@lelogeur.com\" target=\"_blank\" rel=\"noopener noreferrer\">medenis@lelogeur.com<\/a><\/p>\n<h3><\/h3>\n<h3><\/h3>\n<p style=\"text-align: center;\">\n","protected":false},"excerpt":{"rendered":"<p>NOUVEAU PROJET LOCATIF : TRIPLEX ET DUPLEX Attrait et avantages Le Quai de la Gare Sainte-Rose \u00e0 Laval est un vaste d\u00e9veloppement immobilier \u00e9voluant en 4 phases. \u00c0 terme, pr\u00e8s de 600 unit\u00e9s haut de gamme en location verront le jour dans cet ensemble urbain dynamique compos\u00e9 de duplex et de triplex. Ce projet situ\u00e9 [&hellip;]<\/p>\n","protected":false},"author":8,"featured_media":0,"parent":0,"menu_order":0,"comment_status":"closed","ping_status":"closed","template":"","meta":{"footnotes":""},"class_list":["post-3164","page","type-page","status-publish","hentry"],"translation":{"provider":"WPGlobus","version":"3.0.2","language":"en","enabled_languages":["fr","en"],"languages":{"fr":{"title":true,"content":true,"excerpt":false},"en":{"title":false,"content":false,"excerpt":false}}},"_links":{"self":[{"href":"http:\/\/charplexe.ca\/en\/wp-json\/wp\/v2\/pages\/3164","targetHints":{"allow":["GET"]}}],"collection":[{"href":"http:\/\/charplexe.ca\/en\/wp-json\/wp\/v2\/pages"}],"about":[{"href":"http:\/\/charplexe.ca\/en\/wp-json\/wp\/v2\/types\/page"}],"author":[{"embeddable":true,"href":"http:\/\/charplexe.ca\/en\/wp-json\/wp\/v2\/users\/8"}],"replies":[{"embeddable":true,"href":"http:\/\/charplexe.ca\/en\/wp-json\/wp\/v2\/comments?post=3164"}],"version-history":[{"count":5,"href":"http:\/\/charplexe.ca\/en\/wp-json\/wp\/v2\/pages\/3164\/revisions"}],"predecessor-version":[{"id":3667,"href":"http:\/\/charplexe.ca\/en\/wp-json\/wp\/v2\/pages\/3164\/revisions\/3667"}],"wp:attachment":[{"href":"http:\/\/charplexe.ca\/en\/wp-json\/wp\/v2\/media?parent=3164"}],"curies":[{"name":"wp","href":"https:\/\/api.w.org\/{rel}","templated":true}]}}