{"id":3575,"date":"2022-06-27T17:20:34","date_gmt":"2022-06-27T21:20:34","guid":{"rendered":"https:\/\/charplexe.ca\/?page_id=3575"},"modified":"2022-06-28T11:22:50","modified_gmt":"2022-06-28T15:22:50","slug":"projet-maison-lotus-ste-dorothee","status":"publish","type":"page","link":"http:\/\/charplexe.ca\/en\/projet-maison-lotus-ste-dorothee\/","title":{"rendered":"Projet Maison Lotus &#8211; 778 Mont\u00e9e Gravel, Ste-Doroth\u00e9e"},"content":{"rendered":"<h3>Attrait et avantages<\/h3>\n<p><strong>MAISON DISPONIBLE D\u00c8S MAINTENANT<\/strong><\/p>\n<p><a href=\"http:\/\/charplexe.ca\/wp-content\/uploads\/2022\/06\/Cuisine.jpg\"><img loading=\"lazy\" decoding=\"async\" class=\"wp-image-3571 alignleft\" src=\"http:\/\/charplexe.ca\/wp-content\/uploads\/2022\/06\/Cuisine.jpg\" alt=\"\" width=\"316\" height=\"211\" srcset=\"http:\/\/charplexe.ca\/wp-content\/uploads\/2022\/06\/Cuisine.jpg 1920w, http:\/\/charplexe.ca\/wp-content\/uploads\/2022\/06\/Cuisine-300x200.jpg 300w, http:\/\/charplexe.ca\/wp-content\/uploads\/2022\/06\/Cuisine-1024x683.jpg 1024w, http:\/\/charplexe.ca\/wp-content\/uploads\/2022\/06\/Cuisine-768x512.jpg 768w, http:\/\/charplexe.ca\/wp-content\/uploads\/2022\/06\/Cuisine-1536x1024.jpg 1536w\" sizes=\"auto, (max-width: 316px) 100vw, 316px\" \/><\/a><a href=\"http:\/\/charplexe.ca\/wp-content\/uploads\/2022\/06\/Salon-SAM.jpg\"><img loading=\"lazy\" decoding=\"async\" class=\"wp-image-3570 alignnone\" src=\"http:\/\/charplexe.ca\/wp-content\/uploads\/2022\/06\/Salon-SAM.jpg\" alt=\"\" width=\"316\" height=\"211\" srcset=\"http:\/\/charplexe.ca\/wp-content\/uploads\/2022\/06\/Salon-SAM.jpg 1920w, http:\/\/charplexe.ca\/wp-content\/uploads\/2022\/06\/Salon-SAM-300x200.jpg 300w, http:\/\/charplexe.ca\/wp-content\/uploads\/2022\/06\/Salon-SAM-1024x683.jpg 1024w, http:\/\/charplexe.ca\/wp-content\/uploads\/2022\/06\/Salon-SAM-768x512.jpg 768w, http:\/\/charplexe.ca\/wp-content\/uploads\/2022\/06\/Salon-SAM-1536x1024.jpg 1536w\" sizes=\"auto, (max-width: 316px) 100vw, 316px\" \/><\/a><a href=\"http:\/\/charplexe.ca\/wp-content\/uploads\/2022\/06\/RDC-2.jpg\"><img loading=\"lazy\" decoding=\"async\" class=\"wp-image-3569 alignleft\" src=\"http:\/\/charplexe.ca\/wp-content\/uploads\/2022\/06\/RDC-2.jpg\" alt=\"\" width=\"316\" height=\"210\" srcset=\"http:\/\/charplexe.ca\/wp-content\/uploads\/2022\/06\/RDC-2.jpg 1920w, http:\/\/charplexe.ca\/wp-content\/uploads\/2022\/06\/RDC-2-300x200.jpg 300w, http:\/\/charplexe.ca\/wp-content\/uploads\/2022\/06\/RDC-2-1024x683.jpg 1024w, http:\/\/charplexe.ca\/wp-content\/uploads\/2022\/06\/RDC-2-768x512.jpg 768w, http:\/\/charplexe.ca\/wp-content\/uploads\/2022\/06\/RDC-2-1536x1024.jpg 1536w\" sizes=\"auto, (max-width: 316px) 100vw, 316px\" \/><\/a><\/p>\n<p style=\"text-align: center;\"><strong>Superbe cottage tout neuf pr\u00eat pour occupation imm\u00e9diate\u00a0! <\/strong><\/p>\n<p style=\"text-align: center;\">Strat\u00e9giquement situ\u00e9 dans un quartier r\u00e9sidentiel et recherch\u00e9 de Ste-Doroth\u00e9e \u00e0 Laval, cette maison est pr\u00e8s de tous les services, \u00e9coles, magasins, art\u00e8res principales boulevard Samson, rue Principale, Avenue des Bois, autoroutes 440 et 13.<\/p>\n<p style=\"text-align: center;\">Construit sur un beau terrain plein soleil de 5,000 pi2, cette maison dispose d\u2019un Rez-de-chauss\u00e9e \u00e0 aire ouverte avec beaucoup de fenestration, grande cuisine, ilot central de 8\u2019, foyer au gaz et escaliers en limon et rampes en verre.<\/p>\n<p style=\"text-align: center;\">Au niveau \u00e9tage vous retrouverez 4 chambres a couch\u00e9 dont la tr\u00e8s spacieuse chambre des Maitre avec salle de bain priv\u00e9, planchers chauffants, douche c\u00e9ramique vitr\u00e9e, baignoire et grand walk-in.\u00a0 3 autres chambres + une 2<sup>e<\/sup> salle de bain compl\u00e8tent l\u2019\u00e9tage.\u00a0 Sous-sol compl\u00e8tement fini avec une chambre a coucher et une salle de bain compl\u00e8te.<\/p>\n<p style=\"text-align: center;\">Plusieurs inclusions de choix compl\u00e8tent cette magnifique maison qui n\u2019attend que vous\u00a0!<\/p>\n<p><a href=\"http:\/\/charplexe.ca\/wp-content\/uploads\/2022\/06\/SDB-CDM.jpg\"><img loading=\"lazy\" decoding=\"async\" class=\"wp-image-3566 alignleft\" src=\"http:\/\/charplexe.ca\/wp-content\/uploads\/2022\/06\/SDB-CDM.jpg\" alt=\"\" width=\"290\" height=\"194\" srcset=\"http:\/\/charplexe.ca\/wp-content\/uploads\/2022\/06\/SDB-CDM.jpg 1920w, http:\/\/charplexe.ca\/wp-content\/uploads\/2022\/06\/SDB-CDM-300x200.jpg 300w, http:\/\/charplexe.ca\/wp-content\/uploads\/2022\/06\/SDB-CDM-1024x683.jpg 1024w, http:\/\/charplexe.ca\/wp-content\/uploads\/2022\/06\/SDB-CDM-768x512.jpg 768w, http:\/\/charplexe.ca\/wp-content\/uploads\/2022\/06\/SDB-CDM-1536x1024.jpg 1536w\" sizes=\"auto, (max-width: 290px) 100vw, 290px\" \/><\/a><a href=\"http:\/\/charplexe.ca\/wp-content\/uploads\/2022\/06\/Foyer-Escaliers.jpg\"><img loading=\"lazy\" decoding=\"async\" class=\"wp-image-3565 alignleft\" src=\"http:\/\/charplexe.ca\/wp-content\/uploads\/2022\/06\/Foyer-Escaliers.jpg\" alt=\"\" width=\"288\" height=\"192\" srcset=\"http:\/\/charplexe.ca\/wp-content\/uploads\/2022\/06\/Foyer-Escaliers.jpg 1920w, http:\/\/charplexe.ca\/wp-content\/uploads\/2022\/06\/Foyer-Escaliers-300x200.jpg 300w, http:\/\/charplexe.ca\/wp-content\/uploads\/2022\/06\/Foyer-Escaliers-1024x683.jpg 1024w, http:\/\/charplexe.ca\/wp-content\/uploads\/2022\/06\/Foyer-Escaliers-768x512.jpg 768w, http:\/\/charplexe.ca\/wp-content\/uploads\/2022\/06\/Foyer-Escaliers-1536x1024.jpg 1536w\" sizes=\"auto, (max-width: 288px) 100vw, 288px\" \/><\/a><a href=\"http:\/\/charplexe.ca\/wp-content\/uploads\/2022\/06\/Cuisine-SF.jpg\"><img loading=\"lazy\" decoding=\"async\" class=\"wp-image-3567 alignleft\" src=\"http:\/\/charplexe.ca\/wp-content\/uploads\/2022\/06\/Cuisine-SF.jpg\" alt=\"\" width=\"285\" height=\"190\" srcset=\"http:\/\/charplexe.ca\/wp-content\/uploads\/2022\/06\/Cuisine-SF.jpg 1920w, http:\/\/charplexe.ca\/wp-content\/uploads\/2022\/06\/Cuisine-SF-300x200.jpg 300w, http:\/\/charplexe.ca\/wp-content\/uploads\/2022\/06\/Cuisine-SF-1024x683.jpg 1024w, http:\/\/charplexe.ca\/wp-content\/uploads\/2022\/06\/Cuisine-SF-768x512.jpg 768w, http:\/\/charplexe.ca\/wp-content\/uploads\/2022\/06\/Cuisine-SF-1536x1024.jpg 1536w\" sizes=\"auto, (max-width: 285px) 100vw, 285px\" \/><\/a><\/p>\n<p>&nbsp;<\/p>\n<p>&nbsp;<\/p>\n<p>&nbsp;<\/p>\n<p>&nbsp;<\/p>\n<p>&nbsp;<\/p>\n<p>&nbsp;<\/p>\n<p>&nbsp;<\/p>\n<p style=\"text-align: center;\"><strong>Visite sur rendez-vous.<\/strong><\/p>\n<p style=\"text-align: center;\">Contact:<\/p>\n<p style=\"text-align: center;\">Marco Gaudet<br \/>\n514-461-1200<br \/>\n<a href=\"mailto:mgaudet@charplexe.ca\">mgaudet@charplexe.ca<\/a><\/p>\n","protected":false},"excerpt":{"rendered":"<p>Attrait et avantages MAISON DISPONIBLE D\u00c8S MAINTENANT Superbe cottage tout neuf pr\u00eat pour occupation imm\u00e9diate\u00a0! Strat\u00e9giquement situ\u00e9 dans un quartier r\u00e9sidentiel et recherch\u00e9 de Ste-Doroth\u00e9e \u00e0 Laval, cette maison est pr\u00e8s de tous les services, \u00e9coles, magasins, art\u00e8res principales boulevard Samson, rue Principale, Avenue des Bois, autoroutes 440 et 13. Construit sur un beau terrain [&hellip;]<\/p>\n","protected":false},"author":8,"featured_media":0,"parent":0,"menu_order":0,"comment_status":"closed","ping_status":"closed","template":"","meta":{"footnotes":""},"class_list":["post-3575","page","type-page","status-publish","hentry"],"translation":{"provider":"WPGlobus","version":"3.0.2","language":"en","enabled_languages":["fr","en"],"languages":{"fr":{"title":true,"content":true,"excerpt":false},"en":{"title":false,"content":false,"excerpt":false}}},"_links":{"self":[{"href":"http:\/\/charplexe.ca\/en\/wp-json\/wp\/v2\/pages\/3575","targetHints":{"allow":["GET"]}}],"collection":[{"href":"http:\/\/charplexe.ca\/en\/wp-json\/wp\/v2\/pages"}],"about":[{"href":"http:\/\/charplexe.ca\/en\/wp-json\/wp\/v2\/types\/page"}],"author":[{"embeddable":true,"href":"http:\/\/charplexe.ca\/en\/wp-json\/wp\/v2\/users\/8"}],"replies":[{"embeddable":true,"href":"http:\/\/charplexe.ca\/en\/wp-json\/wp\/v2\/comments?post=3575"}],"version-history":[{"count":5,"href":"http:\/\/charplexe.ca\/en\/wp-json\/wp\/v2\/pages\/3575\/revisions"}],"predecessor-version":[{"id":3599,"href":"http:\/\/charplexe.ca\/en\/wp-json\/wp\/v2\/pages\/3575\/revisions\/3599"}],"wp:attachment":[{"href":"http:\/\/charplexe.ca\/en\/wp-json\/wp\/v2\/media?parent=3575"}],"curies":[{"name":"wp","href":"https:\/\/api.w.org\/{rel}","templated":true}]}}