{"id":3795,"date":"2024-02-17T16:24:34","date_gmt":"2024-02-17T21:24:34","guid":{"rendered":"https:\/\/charplexe.ca\/?page_id=3795"},"modified":"2024-02-17T16:50:09","modified_gmt":"2024-02-17T21:50:09","slug":"projet-maison-lotus-gs2950-1106-chemin-saint-antoine-ste-dorothee-laval","status":"publish","type":"page","link":"http:\/\/charplexe.ca\/en\/projet-maison-lotus-gs2950-1106-chemin-saint-antoine-ste-dorothee-laval\/","title":{"rendered":"Projet Maison | Lotus GS2950 \u2013 1106 Chemin Saint-Antoine, Ste-Doroth\u00e9e, Laval"},"content":{"rendered":"<h3><a href=\"https:\/\/charplexe.ca\/wp-content\/uploads\/2024\/02\/Photo-perspective-3.png\"><img decoding=\"async\" class=\"alignnone size-medium wp-image-3813\" src=\"https:\/\/charplexe.ca\/wp-content\/uploads\/2024\/02\/Photo-perspective-3.png\" alt=\"\" width=\"100%\" srcset=\"http:\/\/charplexe.ca\/wp-content\/uploads\/2024\/02\/Photo-perspective-3.png 1200w, http:\/\/charplexe.ca\/wp-content\/uploads\/2024\/02\/Photo-perspective-3-300x194.png 300w, http:\/\/charplexe.ca\/wp-content\/uploads\/2024\/02\/Photo-perspective-3-1024x662.png 1024w, http:\/\/charplexe.ca\/wp-content\/uploads\/2024\/02\/Photo-perspective-3-768x497.png 768w\" sizes=\"(max-width: 1200px) 100vw, 1200px\" \/><\/a><\/h3>\n<h3>Attrait et avantages<\/h3>\n<h3><strong>MAISON DISPONIBLE D\u00c8S MAINTENANT<\/strong><\/h3>\n<div style=\"display:flex;align-items:center;justify-content: space-between;\">\n<a href=\"http:\/\/charplexe.ca\/wp-content\/uploads\/2022\/06\/Cuisine.jpg\"><br \/>\n   <img loading=\"lazy\" decoding=\"async\" class=\"wp-image-3571\" src=\"http:\/\/charplexe.ca\/wp-content\/uploads\/2022\/06\/Cuisine.jpg\" alt=\"\" width=\"316\" height=\"211\" srcset=\"http:\/\/charplexe.ca\/wp-content\/uploads\/2022\/06\/Cuisine.jpg 1920w, http:\/\/charplexe.ca\/wp-content\/uploads\/2022\/06\/Cuisine-300x200.jpg 300w, http:\/\/charplexe.ca\/wp-content\/uploads\/2022\/06\/Cuisine-1024x683.jpg 1024w, http:\/\/charplexe.ca\/wp-content\/uploads\/2022\/06\/Cuisine-768x512.jpg 768w, http:\/\/charplexe.ca\/wp-content\/uploads\/2022\/06\/Cuisine-1536x1024.jpg 1536w\" sizes=\"auto, (max-width: 316px) 100vw, 316px\" \/><br \/>\n<\/a><br \/>\n<a href=\"http:\/\/charplexe.ca\/wp-content\/uploads\/2022\/06\/Salon-SAM.jpg\"><br \/>\n   <img loading=\"lazy\" decoding=\"async\" class=\"wp-image-3570\" src=\"http:\/\/charplexe.ca\/wp-content\/uploads\/2022\/06\/Salon-SAM.jpg\" alt=\"\" width=\"316\" height=\"211\" srcset=\"http:\/\/charplexe.ca\/wp-content\/uploads\/2022\/06\/Salon-SAM.jpg 1920w, http:\/\/charplexe.ca\/wp-content\/uploads\/2022\/06\/Salon-SAM-300x200.jpg 300w, http:\/\/charplexe.ca\/wp-content\/uploads\/2022\/06\/Salon-SAM-1024x683.jpg 1024w, http:\/\/charplexe.ca\/wp-content\/uploads\/2022\/06\/Salon-SAM-768x512.jpg 768w, http:\/\/charplexe.ca\/wp-content\/uploads\/2022\/06\/Salon-SAM-1536x1024.jpg 1536w\" sizes=\"auto, (max-width: 316px) 100vw, 316px\" \/><br \/>\n<\/a><br \/>\n<a href=\"http:\/\/charplexe.ca\/wp-content\/uploads\/2022\/06\/RDC-2.jpg\"><br \/>\n   <img loading=\"lazy\" decoding=\"async\" class=\"wp-image-3569\" src=\"http:\/\/charplexe.ca\/wp-content\/uploads\/2022\/06\/RDC-2.jpg\" alt=\"\" width=\"316\" height=\"211\" srcset=\"http:\/\/charplexe.ca\/wp-content\/uploads\/2022\/06\/RDC-2.jpg 1920w, http:\/\/charplexe.ca\/wp-content\/uploads\/2022\/06\/RDC-2-300x200.jpg 300w, http:\/\/charplexe.ca\/wp-content\/uploads\/2022\/06\/RDC-2-1024x683.jpg 1024w, http:\/\/charplexe.ca\/wp-content\/uploads\/2022\/06\/RDC-2-768x512.jpg 768w, http:\/\/charplexe.ca\/wp-content\/uploads\/2022\/06\/RDC-2-1536x1024.jpg 1536w\" sizes=\"auto, (max-width: 316px) 100vw, 316px\" \/><br \/>\n<\/a>\n<\/div>\n<p><em>Superbe cottage tout neuf actuellement en construction pr\u00eat pour occupation printemps \u2013 \u00e9t\u00e9 2024 ! <\/em><\/p>\n<p><em>Strat\u00e9giquement situ\u00e9 dans un quartier r\u00e9sidentiel et recherch\u00e9 de Ste-Doroth\u00e9e \u00e0 Laval, cette maison est pr\u00e8s de tous les services, \u00e9coles, magasins, art\u00e8res principales dont les boulevards Arthur Sauv\u00e9 et Dagenais, l\u2019 Avenue des Bois, et les Autoroutes 13 et 440.<\/em><\/p>\n<p><em>Faisant partie d\u2019un magnifique mini projet de 5 maisons neuves, cette maison est situ\u00e9e sur un beau terrain plein soleil et sans voisin arri\u00e8re de de 5,266 pi2.\u00a0 Elle dispose d\u2019un Rez-de-chauss\u00e9e \u00e0 aire ouverte avec beaucoup de fenestration, grande cuisine, ilot central de 8\u2019, foyer au gaz et escaliers en limon et rampes en verre.\u00a0 Au niveau \u00e9tage vous retrouverez 4 chambres a couch\u00e9 dont la tr\u00e8s spacieuse chambre des Maitre avec salle de bain priv\u00e9, planchers chauffants, douche c\u00e9ramique vitr\u00e9e, baignoire et grand walk-in.\u00a0 3 autres chambres + une 2<sup>e<\/sup> salle de bain compl\u00e8tent l\u2019\u00e9tage.\u00a0 Sous-sol compl\u00e8tement fini avec une chambre a coucher et une salle de bain compl\u00e8te.\u00a0\u00a0Garage int\u00e9gr\u00e9. <\/em><\/p>\n<p><em>Plusieurs inclusions de choix sont aussi incluses dans cette magnifique maison qui n\u2019attend que vous\u00a0!<\/em><\/p>\n<p><em>*Photos \u00e0 titre indicatif provenant d\u2019une construction r\u00e9cente et similaire.<\/em><\/p>\n<div style=\"display:flex;align-items:center;justify-content:space-between;\">\n<a href=\"http:\/\/charplexe.ca\/wp-content\/uploads\/2022\/06\/SDB-CDM.jpg\"><br \/>\n<img loading=\"lazy\" decoding=\"async\" class=\"wp-image-3566 alignleft\" src=\"http:\/\/charplexe.ca\/wp-content\/uploads\/2022\/06\/SDB-CDM.jpg\" alt=\"\" width=\"316\" height=\"190\" \/><br \/>\n<\/a><br \/>\n<a href=\"http:\/\/charplexe.ca\/wp-content\/uploads\/2022\/06\/Foyer-Escaliers.jpg\"><br \/>\n<img loading=\"lazy\" decoding=\"async\" class=\"wp-image-3565 alignleft\" src=\"http:\/\/charplexe.ca\/wp-content\/uploads\/2022\/06\/Foyer-Escaliers.jpg\" alt=\"\" width=\"316\" height=\"190\" \/><br \/>\n<\/a><br \/>\n<a href=\"http:\/\/charplexe.ca\/wp-content\/uploads\/2022\/06\/Foyer-Escaliers.jpg\"><br \/>\n<img loading=\"lazy\" decoding=\"async\" class=\"wp-image-3567 alignleft\" src=\"http:\/\/charplexe.ca\/wp-content\/uploads\/2022\/06\/Foyer-Escaliers.jpg\" alt=\"\" width=\"316\" height=\"190\" \/><br \/>\n<\/a><\/div>\n<div>\n<p style=\"text-align: center;\"><strong>Visite sur rendez-vous.<\/strong><\/p>\n<p style=\"text-align: center;\">Contact:<\/p>\n<p style=\"text-align: center;\">Marco Gaudet<br \/>\n514-461-1200<\/p>\n<\/div>\n","protected":false},"excerpt":{"rendered":"<p>Attrait et avantages MAISON DISPONIBLE D\u00c8S MAINTENANT Superbe cottage tout neuf actuellement en construction pr\u00eat pour occupation printemps \u2013 \u00e9t\u00e9 2024 ! Strat\u00e9giquement situ\u00e9 dans un quartier r\u00e9sidentiel et recherch\u00e9 de Ste-Doroth\u00e9e \u00e0 Laval, cette maison est pr\u00e8s de tous les services, \u00e9coles, magasins, art\u00e8res principales dont les boulevards Arthur Sauv\u00e9 et Dagenais, l\u2019 Avenue [&hellip;]<\/p>\n","protected":false},"author":5,"featured_media":0,"parent":0,"menu_order":0,"comment_status":"closed","ping_status":"closed","template":"","meta":{"footnotes":""},"class_list":["post-3795","page","type-page","status-publish","hentry"],"translation":{"provider":"WPGlobus","version":"3.0.2","language":"en","enabled_languages":["fr","en"],"languages":{"fr":{"title":true,"content":true,"excerpt":false},"en":{"title":false,"content":false,"excerpt":false}}},"_links":{"self":[{"href":"http:\/\/charplexe.ca\/en\/wp-json\/wp\/v2\/pages\/3795","targetHints":{"allow":["GET"]}}],"collection":[{"href":"http:\/\/charplexe.ca\/en\/wp-json\/wp\/v2\/pages"}],"about":[{"href":"http:\/\/charplexe.ca\/en\/wp-json\/wp\/v2\/types\/page"}],"author":[{"embeddable":true,"href":"http:\/\/charplexe.ca\/en\/wp-json\/wp\/v2\/users\/5"}],"replies":[{"embeddable":true,"href":"http:\/\/charplexe.ca\/en\/wp-json\/wp\/v2\/comments?post=3795"}],"version-history":[{"count":5,"href":"http:\/\/charplexe.ca\/en\/wp-json\/wp\/v2\/pages\/3795\/revisions"}],"predecessor-version":[{"id":3809,"href":"http:\/\/charplexe.ca\/en\/wp-json\/wp\/v2\/pages\/3795\/revisions\/3809"}],"wp:attachment":[{"href":"http:\/\/charplexe.ca\/en\/wp-json\/wp\/v2\/media?parent=3795"}],"curies":[{"name":"wp","href":"https:\/\/api.w.org\/{rel}","templated":true}]}}