{"id":1571,"date":"2018-07-01T11:56:12","date_gmt":"2018-07-01T15:56:12","guid":{"rendered":"http:\/\/charplexe.ca\/?page_id=1571"},"modified":"2023-02-17T11:57:11","modified_gmt":"2023-02-17T16:57:11","slug":"maisons","status":"publish","type":"page","link":"https:\/\/charplexe.ca\/en\/maisons\/","title":{"rendered":"New Houses For Sale"},"content":{"rendered":"<p>Our projects of residential construction currently for sale:<\/p>\n<h3><a href=\"http:\/\/charplexe.ca\/maisons\/projet-guizot\/\">Projet Guizot &#8211; Ste-Doroth\u00e9e<\/a><\/h3>\n<p><strong>VENDU, PROJET COMPL\u00c9T\u00c9 \u00c0 100%<\/strong><\/p>\n<p><a href=\"http:\/\/charplexe.ca\/wp-content\/uploads\/2021\/06\/Facade-Lotus-DLX-garage-double.jpg\"><img loading=\"lazy\" decoding=\"async\" class=\"alignnone wp-image-3475\" src=\"http:\/\/charplexe.ca\/wp-content\/uploads\/2021\/06\/Facade-Lotus-DLX-garage-double-300x195.jpg\" alt=\"\" width=\"391\" height=\"254\" srcset=\"https:\/\/charplexe.ca\/wp-content\/uploads\/2021\/06\/Facade-Lotus-DLX-garage-double-300x195.jpg 300w, https:\/\/charplexe.ca\/wp-content\/uploads\/2021\/06\/Facade-Lotus-DLX-garage-double.jpg 710w\" sizes=\"auto, (max-width: 391px) 100vw, 391px\" \/><\/a><\/p>\n<p><a href=\"http:\/\/charplexe.ca\/maisons\/projet-guizot\/\">&#8230;en savoir plus<\/a><\/p>\n<p style=\"text-align: center;\"><strong>Pour de plus amples informations, contactez un de nos repr\u00e9sentants au 514-461-1200 ou par courriel \u00e0\u00a0<u><a href=\"mailto:jgaudet@charplexe.ca\" target=\"_blank\" rel=\"noopener noreferrer\">jgaudet@charplexe.ca<\/a><\/u><\/strong><\/p>\n","protected":false},"excerpt":{"rendered":"<p>Our projects of residential construction currently for sale: Projet Guizot &#8211; Ste-Doroth\u00e9e VENDU, PROJET COMPL\u00c9T\u00c9 \u00c0 100% &#8230;en savoir plus Pour de plus amples informations, contactez un de nos repr\u00e9sentants au 514-461-1200 ou par courriel \u00e0\u00a0jgaudet@charplexe.ca<\/p>\n","protected":false},"author":8,"featured_media":0,"parent":0,"menu_order":0,"comment_status":"closed","ping_status":"closed","template":"","meta":{"footnotes":""},"class_list":["post-1571","page","type-page","status-publish","hentry"],"translation":{"provider":"WPGlobus","version":"3.0.2","language":"en","enabled_languages":["fr","en"],"languages":{"fr":{"title":true,"content":true,"excerpt":false},"en":{"title":true,"content":true,"excerpt":false}}},"_links":{"self":[{"href":"https:\/\/charplexe.ca\/en\/wp-json\/wp\/v2\/pages\/1571","targetHints":{"allow":["GET"]}}],"collection":[{"href":"https:\/\/charplexe.ca\/en\/wp-json\/wp\/v2\/pages"}],"about":[{"href":"https:\/\/charplexe.ca\/en\/wp-json\/wp\/v2\/types\/page"}],"author":[{"embeddable":true,"href":"https:\/\/charplexe.ca\/en\/wp-json\/wp\/v2\/users\/8"}],"replies":[{"embeddable":true,"href":"https:\/\/charplexe.ca\/en\/wp-json\/wp\/v2\/comments?post=1571"}],"version-history":[{"count":5,"href":"https:\/\/charplexe.ca\/en\/wp-json\/wp\/v2\/pages\/1571\/revisions"}],"predecessor-version":[{"id":3856,"href":"https:\/\/charplexe.ca\/en\/wp-json\/wp\/v2\/pages\/1571\/revisions\/3856"}],"wp:attachment":[{"href":"https:\/\/charplexe.ca\/en\/wp-json\/wp\/v2\/media?parent=1571"}],"curies":[{"name":"wp","href":"https:\/\/api.w.org\/{rel}","templated":true}]}}