{"id":2506,"date":"2020-02-06T09:08:41","date_gmt":"2020-02-06T14:08:41","guid":{"rendered":"http:\/\/charplexe.ca\/?page_id=2506"},"modified":"2020-11-10T10:27:31","modified_gmt":"2020-11-10T15:27:31","slug":"projet-mont-laval-phase-iii-nos-condos","status":"publish","type":"page","link":"https:\/\/charplexe.ca\/en\/projet-mont-laval-phase-iii-nos-condos\/","title":{"rendered":"Projet Mont-Laval Phase III"},"content":{"rendered":"<h4><\/h4>\n<h4 style=\"text-align: left;\"><u>NOS CONDOS ET PENTHOUSES<\/u><\/h4>\n<h4 style=\"text-align: center;\"><a href=\"http:\/\/charplexe.ca\/wp-content\/uploads\/2020\/10\/Logo-3-solo.png\"><img loading=\"lazy\" decoding=\"async\" class=\"alignnone  wp-image-3159\" src=\"http:\/\/charplexe.ca\/wp-content\/uploads\/2020\/10\/Logo-3-solo-215x300.png\" alt=\"\" width=\"128\" height=\"179\" srcset=\"https:\/\/charplexe.ca\/wp-content\/uploads\/2020\/10\/Logo-3-solo-215x300.png 215w, https:\/\/charplexe.ca\/wp-content\/uploads\/2020\/10\/Logo-3-solo-734x1024.png 734w, https:\/\/charplexe.ca\/wp-content\/uploads\/2020\/10\/Logo-3-solo-768x1072.png 768w, https:\/\/charplexe.ca\/wp-content\/uploads\/2020\/10\/Logo-3-solo.png 840w\" sizes=\"auto, (max-width: 128px) 100vw, 128px\" \/><\/a><\/h4>\n<h5 style=\"text-align: center;\"><strong><u>PLANS PLANCHERS<\/u><\/strong><\/h5>\n<h5 style=\"text-align: center;\"><strong>3 \u00bd\u00a0:\u00a0 834 \u00e0 878 pi<sup>2<\/sup><\/strong><\/h5>\n<p style=\"text-align: left;\"><a href=\"http:\/\/charplexe.ca\/wp-content\/uploads\/2020\/02\/3-2-scaled.jpg\"><img loading=\"lazy\" decoding=\"async\" class=\"wp-image-2448 aligncenter\" src=\"http:\/\/charplexe.ca\/wp-content\/uploads\/2020\/02\/3-2-scaled.jpg\" alt=\"\" width=\"450\" height=\"349\" srcset=\"https:\/\/charplexe.ca\/wp-content\/uploads\/2020\/02\/3-2-scaled.jpg 2560w, https:\/\/charplexe.ca\/wp-content\/uploads\/2020\/02\/3-2-300x233.jpg 300w, https:\/\/charplexe.ca\/wp-content\/uploads\/2020\/02\/3-2-1024x794.jpg 1024w, https:\/\/charplexe.ca\/wp-content\/uploads\/2020\/02\/3-2-768x596.jpg 768w, https:\/\/charplexe.ca\/wp-content\/uploads\/2020\/02\/3-2-1536x1191.jpg 1536w, https:\/\/charplexe.ca\/wp-content\/uploads\/2020\/02\/3-2-2048x1588.jpg 2048w\" sizes=\"auto, (max-width: 450px) 100vw, 450px\" \/><\/a><\/p>\n<h5><\/h5>\n<h5><\/h5>\n<h5 style=\"text-align: center;\"><strong>4 \u00bd\u00a0:\u00a0 1031 pi<sup>2<\/sup><\/strong><\/h5>\n<p><a href=\"http:\/\/charplexe.ca\/wp-content\/uploads\/2020\/02\/4.jpg\"><img loading=\"lazy\" decoding=\"async\" class=\"wp-image-2449 aligncenter\" src=\"http:\/\/charplexe.ca\/wp-content\/uploads\/2020\/02\/4.jpg\" alt=\"\" width=\"450\" height=\"453\" srcset=\"https:\/\/charplexe.ca\/wp-content\/uploads\/2020\/02\/4.jpg 2446w, https:\/\/charplexe.ca\/wp-content\/uploads\/2020\/02\/4-298x300.jpg 298w, https:\/\/charplexe.ca\/wp-content\/uploads\/2020\/02\/4-1016x1024.jpg 1016w, https:\/\/charplexe.ca\/wp-content\/uploads\/2020\/02\/4-150x150.jpg 150w, https:\/\/charplexe.ca\/wp-content\/uploads\/2020\/02\/4-768x774.jpg 768w, https:\/\/charplexe.ca\/wp-content\/uploads\/2020\/02\/4-1524x1536.jpg 1524w, https:\/\/charplexe.ca\/wp-content\/uploads\/2020\/02\/4-2032x2048.jpg 2032w\" sizes=\"auto, (max-width: 450px) 100vw, 450px\" \/><\/a><\/p>\n<h5><\/h5>\n<h5><\/h5>\n<h5><\/h5>\n<h5 style=\"text-align: center;\"><strong>5 \u00bd et 5 \u00bd Penthouse\u00a0:\u00a0 1696 \u00e0 1865 pi<sup>2<\/sup><\/strong><\/h5>\n<p><a href=\"http:\/\/charplexe.ca\/wp-content\/uploads\/2020\/02\/5-scaled.jpg\"><img loading=\"lazy\" decoding=\"async\" class=\"wp-image-2450 aligncenter\" src=\"http:\/\/charplexe.ca\/wp-content\/uploads\/2020\/02\/5-scaled.jpg\" alt=\"\" width=\"675\" height=\"379\" srcset=\"https:\/\/charplexe.ca\/wp-content\/uploads\/2020\/02\/5-scaled.jpg 2560w, https:\/\/charplexe.ca\/wp-content\/uploads\/2020\/02\/5-300x169.jpg 300w, https:\/\/charplexe.ca\/wp-content\/uploads\/2020\/02\/5-1024x576.jpg 1024w, https:\/\/charplexe.ca\/wp-content\/uploads\/2020\/02\/5-768x432.jpg 768w, https:\/\/charplexe.ca\/wp-content\/uploads\/2020\/02\/5-1536x864.jpg 1536w, https:\/\/charplexe.ca\/wp-content\/uploads\/2020\/02\/5-2048x1152.jpg 2048w\" sizes=\"auto, (max-width: 675px) 100vw, 675px\" \/><\/a><\/p>\n<h5><\/h5>\n<h5><\/h5>\n<p>Ce nouveau d\u00e9veloppement de condominium de la Phase III, vous offre des appartements uniques et modernes de grandeur 3 \u00bd, 4 \u00bd, 5 \u00bd et 5 \u00bd Penthouse.\u00a0 Nos immeubles r\u00e9sidentiels sont construits en b\u00e9ton, assurant ainsi aux occupants la tranquillit\u00e9 dont ils recherchent.\u00a0 Des balcons spacieux avec garde-corps architectural en aluminium et panneaux de verre ainsi qu\u2019une terrasse priv\u00e9e sur le toit de chacun des Penthouses, ajoutent aussi un caract\u00e8re unique \u00e0 tous nos condos.<\/p>\n<p><strong>Au Domaine Mont-Laval<\/strong>, vous y trouverez entre autres\u00a0:<\/p>\n<p><strong><u>Int\u00e9rieur<\/u><\/strong><strong>\u00a0:<\/strong><\/p>\n<ul>\n<li>Aire commune pour recevoir vos invit\u00e9s<\/li>\n<li>Finition int\u00e9rieure haut de gamme<\/li>\n<li>Plafond de 9\u2019<\/li>\n<li>Plancher en bois d\u2019ing\u00e9nierie 5 \u00bd\u2019\u2019<\/li>\n<li>Comptoir de quartz<\/li>\n<li>Armoires de cuisine en acrylique ou PCM<\/li>\n<li>Salle de conditionnement physique<\/li>\n<li>Stationnement ext\u00e9rieurs inclus et stationnements int\u00e9rieur disponibles<\/li>\n<li>Espace de rangement<\/li>\n<li>Service de conciergerie<\/li>\n<li>Ascenseur<\/li>\n<li>Grande fenestration<\/li>\n<li>\u00c9changeur d\u2019air individuel avec distribution<\/li>\n<li>Air conditionn\u00e9 (compresseurs sur le toit)<\/li>\n<\/ul>\n<p><strong><u>Ext\u00e9rieur<\/u><\/strong><strong>\u00a0:<\/strong><\/p>\n<ul>\n<li>Piscine ext\u00e9rieure au sel, chauff\u00e9e<\/li>\n<li>Terrasses am\u00e9nag\u00e9es<\/li>\n<li>B\u00e2timents en structure de bois<\/li>\n<li>Grands balcons en b\u00e9ton, garde-corps architectural en aluminium avec panneaux de verre clair.<\/li>\n<li>Terrasses priv\u00e9es sur le toit pour tous les penthouses et balcons mitoyens divis\u00e9s par des \u00e9crans s\u00e9parateurs<\/li>\n<\/ul>\n<h5><\/h5>\n<h5><\/h5>\n<h5><\/h5>\n<h5 style=\"text-align: center;\"><u>GALERIE<\/u><\/h5>\n<p style=\"text-align: center;\"><div id=\"envira-gallery-wrap-2061\" class=\"envira-gallery-wrap envira-gallery-theme-base envira-lightbox-theme-base\" itemscope itemtype=\"https:\/\/schema.org\/ImageGallery\"><div data-row-height=\"250\" data-gallery-theme=\"normal\" id=\"envira-gallery-2061\" class=\"envira-gallery-public envira-gallery-justified-public envira-gallery-0-columns envira-clear enviratope envira-gallery-css-animations\" data-envira-columns=\"0\"><div id=\"envira-gallery-item-2062\" class=\"envira-gallery-item enviratope-item envira-gallery-item-1 envira-lazy-load\" style=\"padding-left: 10px; padding-bottom: 20px; padding-right: 10px;\"  itemscope itemtype=\"https:\/\/schema.org\/ImageObject\"><div class=\"envira-gallery-item-inner\"><div class=\"envira-gallery-position-overlay  envira-gallery-top-left\"><\/div><div class=\"envira-gallery-position-overlay  envira-gallery-top-right\"><\/div><div class=\"envira-gallery-position-overlay  envira-gallery-bottom-left\"><\/div><div class=\"envira-gallery-position-overlay  envira-gallery-bottom-right\"><\/div><a href=\"http:\/\/charplexe.ca\/wp-content\/uploads\/2019\/11\/18-415-cuisine-1.jpg\" class=\"envira-gallery-2061 envira-gallery-link\" rel=\"enviragallery2061\" title=\"Cuisine\" data-envira-caption=\"Cuisine\" data-envira-retina=\"\" data-thumbnail=\"\"  itemprop=\"contentUrl\"><img decoding=\"async\" id=\"envira-gallery-image-2062\" class=\"envira-gallery-image envira-gallery-image-1 envira-normal envira-lazy\" data-envira-index=\"1\" src=\"https:\/\/charplexe.ca\/wp-content\/uploads\/2019\/11\/18-415-cuisine-1.jpg\" data-envira-src=\"https:\/\/charplexe.ca\/wp-content\/uploads\/2019\/11\/18-415-cuisine-1.jpg\" data-envira-gallery-id=\"2061\" data-envira-item-id=\"2062\" data-envira-caption=\"Cuisine\" alt=\"\" title=\"Cuisine\"  itemprop=\"thumbnailUrl\" data-envira-srcset=\"https:\/\/charplexe.ca\/wp-content\/uploads\/2019\/11\/18-415-cuisine-1.jpg 400w,https:\/\/charplexe.ca\/wp-content\/uploads\/2019\/11\/18-415-cuisine-1.jpg 2x\" data-envira-width=\"300\" data-envira-height=\"200\" srcset=\"data:image\/gif;base64,R0lGODlhAQABAIAAAP\/\/\/\/\/\/\/yH5BAEKAAEALAAAAAABAAEAAAICTAEAOw==\" data-safe-src=\"data:image\/gif;base64,R0lGODlhAQABAIAAAP\/\/\/\/\/\/\/yH5BAEKAAEALAAAAAABAAEAAAICTAEAOw==\" \/><\/a><\/div><\/div><div id=\"envira-gallery-item-2063\" class=\"envira-gallery-item enviratope-item envira-gallery-item-2 envira-lazy-load\" style=\"padding-left: 10px; padding-bottom: 20px; padding-right: 10px;\"  itemscope itemtype=\"https:\/\/schema.org\/ImageObject\"><div class=\"envira-gallery-item-inner\"><div class=\"envira-gallery-position-overlay  envira-gallery-top-left\"><\/div><div class=\"envira-gallery-position-overlay  envira-gallery-top-right\"><\/div><div class=\"envira-gallery-position-overlay  envira-gallery-bottom-left\"><\/div><div class=\"envira-gallery-position-overlay  envira-gallery-bottom-right\"><\/div><a href=\"http:\/\/charplexe.ca\/wp-content\/uploads\/2019\/11\/18-415-espace-vie-1.jpg\" class=\"envira-gallery-2061 envira-gallery-link\" rel=\"enviragallery2061\" title=\"Espace de vie\" data-envira-caption=\"Espace de vie\" data-envira-retina=\"\" data-thumbnail=\"\"  itemprop=\"contentUrl\"><img decoding=\"async\" id=\"envira-gallery-image-2063\" class=\"envira-gallery-image envira-gallery-image-2 envira-normal envira-lazy\" data-envira-index=\"2\" src=\"https:\/\/charplexe.ca\/wp-content\/uploads\/2019\/11\/18-415-espace-vie-1-1024x512.jpg\" data-envira-src=\"https:\/\/charplexe.ca\/wp-content\/uploads\/2019\/11\/18-415-espace-vie-1-1024x512.jpg\" data-envira-gallery-id=\"2061\" data-envira-item-id=\"2063\" data-envira-caption=\"Espace de vie\" alt=\"\" title=\"Espace de vie\"  itemprop=\"thumbnailUrl\" data-envira-srcset=\"https:\/\/charplexe.ca\/wp-content\/uploads\/2019\/11\/18-415-espace-vie-1-1024x512.jpg 400w,https:\/\/charplexe.ca\/wp-content\/uploads\/2019\/11\/18-415-espace-vie-1-1024x512.jpg 2x\" data-envira-width=\"300\" data-envira-height=\"150\" srcset=\"data:image\/gif;base64,R0lGODlhAQABAIAAAP\/\/\/\/\/\/\/yH5BAEKAAEALAAAAAABAAEAAAICTAEAOw==\" data-safe-src=\"data:image\/gif;base64,R0lGODlhAQABAIAAAP\/\/\/\/\/\/\/yH5BAEKAAEALAAAAAABAAEAAAICTAEAOw==\" \/><\/a><\/div><\/div><div id=\"envira-gallery-item-2064\" class=\"envira-gallery-item enviratope-item envira-gallery-item-3 envira-lazy-load\" style=\"padding-left: 10px; padding-bottom: 20px; padding-right: 10px;\"  itemscope itemtype=\"https:\/\/schema.org\/ImageObject\"><div class=\"envira-gallery-item-inner\"><div class=\"envira-gallery-position-overlay  envira-gallery-top-left\"><\/div><div class=\"envira-gallery-position-overlay  envira-gallery-top-right\"><\/div><div class=\"envira-gallery-position-overlay  envira-gallery-bottom-left\"><\/div><div class=\"envira-gallery-position-overlay  envira-gallery-bottom-right\"><\/div><a href=\"http:\/\/charplexe.ca\/wp-content\/uploads\/2019\/11\/18-415-espace-vie-2-1.jpg\" class=\"envira-gallery-2061 envira-gallery-link\" rel=\"enviragallery2061\" title=\"Espace de vie\" data-envira-caption=\"Espace de vie\" data-envira-retina=\"\" data-thumbnail=\"\"  itemprop=\"contentUrl\"><img decoding=\"async\" id=\"envira-gallery-image-2064\" class=\"envira-gallery-image envira-gallery-image-3 envira-normal envira-lazy\" data-envira-index=\"3\" src=\"https:\/\/charplexe.ca\/wp-content\/uploads\/2019\/11\/18-415-espace-vie-2-1.jpg\" data-envira-src=\"https:\/\/charplexe.ca\/wp-content\/uploads\/2019\/11\/18-415-espace-vie-2-1.jpg\" data-envira-gallery-id=\"2061\" data-envira-item-id=\"2064\" data-envira-caption=\"Espace de vie\" alt=\"\" title=\"Espace de vie\"  itemprop=\"thumbnailUrl\" data-envira-srcset=\"https:\/\/charplexe.ca\/wp-content\/uploads\/2019\/11\/18-415-espace-vie-2-1.jpg 400w,https:\/\/charplexe.ca\/wp-content\/uploads\/2019\/11\/18-415-espace-vie-2-1.jpg 2x\" data-envira-width=\"300\" data-envira-height=\"200\" srcset=\"data:image\/gif;base64,R0lGODlhAQABAIAAAP\/\/\/\/\/\/\/yH5BAEKAAEALAAAAAABAAEAAAICTAEAOw==\" data-safe-src=\"data:image\/gif;base64,R0lGODlhAQABAIAAAP\/\/\/\/\/\/\/yH5BAEKAAEALAAAAAABAAEAAAICTAEAOw==\" \/><\/a><\/div><\/div><div id=\"envira-gallery-item-2065\" class=\"envira-gallery-item enviratope-item envira-gallery-item-4 envira-lazy-load\" style=\"padding-left: 10px; padding-bottom: 20px; padding-right: 10px;\"  itemscope itemtype=\"https:\/\/schema.org\/ImageObject\"><div class=\"envira-gallery-item-inner\"><div class=\"envira-gallery-position-overlay  envira-gallery-top-left\"><\/div><div class=\"envira-gallery-position-overlay  envira-gallery-top-right\"><\/div><div class=\"envira-gallery-position-overlay  envira-gallery-bottom-left\"><\/div><div class=\"envira-gallery-position-overlay  envira-gallery-bottom-right\"><\/div><a href=\"http:\/\/charplexe.ca\/wp-content\/uploads\/2019\/11\/18-415-Mont-Laval-vue-3-chambre-1.jpg\" class=\"envira-gallery-2061 envira-gallery-link\" rel=\"enviragallery2061\" title=\"Chambre\" data-envira-caption=\"Chambre\" data-envira-retina=\"\" data-thumbnail=\"\"  itemprop=\"contentUrl\"><img decoding=\"async\" id=\"envira-gallery-image-2065\" class=\"envira-gallery-image envira-gallery-image-4 envira-normal envira-lazy\" data-envira-index=\"4\" src=\"https:\/\/charplexe.ca\/wp-content\/uploads\/2019\/11\/18-415-Mont-Laval-vue-3-chambre-1.jpg\" data-envira-src=\"https:\/\/charplexe.ca\/wp-content\/uploads\/2019\/11\/18-415-Mont-Laval-vue-3-chambre-1.jpg\" data-envira-gallery-id=\"2061\" data-envira-item-id=\"2065\" data-envira-caption=\"Chambre\" alt=\"\" title=\"Chambre\"  itemprop=\"thumbnailUrl\" data-envira-srcset=\"https:\/\/charplexe.ca\/wp-content\/uploads\/2019\/11\/18-415-Mont-Laval-vue-3-chambre-1.jpg 400w,https:\/\/charplexe.ca\/wp-content\/uploads\/2019\/11\/18-415-Mont-Laval-vue-3-chambre-1.jpg 2x\" data-envira-width=\"300\" data-envira-height=\"200\" srcset=\"data:image\/gif;base64,R0lGODlhAQABAIAAAP\/\/\/\/\/\/\/yH5BAEKAAEALAAAAAABAAEAAAICTAEAOw==\" data-safe-src=\"data:image\/gif;base64,R0lGODlhAQABAIAAAP\/\/\/\/\/\/\/yH5BAEKAAEALAAAAAABAAEAAAICTAEAOw==\" \/><\/a><\/div><\/div><div id=\"envira-gallery-item-2066\" class=\"envira-gallery-item enviratope-item envira-gallery-item-5 envira-lazy-load\" style=\"padding-left: 10px; padding-bottom: 20px; padding-right: 10px;\"  itemscope itemtype=\"https:\/\/schema.org\/ImageObject\"><div class=\"envira-gallery-item-inner\"><div class=\"envira-gallery-position-overlay  envira-gallery-top-left\"><\/div><div class=\"envira-gallery-position-overlay  envira-gallery-top-right\"><\/div><div class=\"envira-gallery-position-overlay  envira-gallery-bottom-left\"><\/div><div class=\"envira-gallery-position-overlay  envira-gallery-bottom-right\"><\/div><a href=\"http:\/\/charplexe.ca\/wp-content\/uploads\/2019\/11\/18-415-Mont-Laval-vue-3-chambre-2.jpg\" class=\"envira-gallery-2061 envira-gallery-link\" rel=\"enviragallery2061\" title=\"Chambre\" data-envira-caption=\"Chambre\" data-envira-retina=\"\" data-thumbnail=\"\"  itemprop=\"contentUrl\"><img decoding=\"async\" id=\"envira-gallery-image-2066\" class=\"envira-gallery-image envira-gallery-image-5 envira-normal envira-lazy\" data-envira-index=\"5\" src=\"https:\/\/charplexe.ca\/wp-content\/uploads\/2019\/11\/18-415-Mont-Laval-vue-3-chambre-2.jpg\" data-envira-src=\"https:\/\/charplexe.ca\/wp-content\/uploads\/2019\/11\/18-415-Mont-Laval-vue-3-chambre-2.jpg\" data-envira-gallery-id=\"2061\" data-envira-item-id=\"2066\" data-envira-caption=\"Chambre\" alt=\"\" title=\"Chambre\"  itemprop=\"thumbnailUrl\" data-envira-srcset=\"https:\/\/charplexe.ca\/wp-content\/uploads\/2019\/11\/18-415-Mont-Laval-vue-3-chambre-2.jpg 400w,https:\/\/charplexe.ca\/wp-content\/uploads\/2019\/11\/18-415-Mont-Laval-vue-3-chambre-2.jpg 2x\" data-envira-width=\"300\" data-envira-height=\"200\" srcset=\"data:image\/gif;base64,R0lGODlhAQABAIAAAP\/\/\/\/\/\/\/yH5BAEKAAEALAAAAAABAAEAAAICTAEAOw==\" data-safe-src=\"data:image\/gif;base64,R0lGODlhAQABAIAAAP\/\/\/\/\/\/\/yH5BAEKAAEALAAAAAABAAEAAAICTAEAOw==\" \/><\/a><\/div><\/div><div id=\"envira-gallery-item-2067\" class=\"envira-gallery-item enviratope-item envira-gallery-item-6 envira-lazy-load\" style=\"padding-left: 10px; padding-bottom: 20px; padding-right: 10px;\"  itemscope itemtype=\"https:\/\/schema.org\/ImageObject\"><div class=\"envira-gallery-item-inner\"><div class=\"envira-gallery-position-overlay  envira-gallery-top-left\"><\/div><div class=\"envira-gallery-position-overlay  envira-gallery-top-right\"><\/div><div class=\"envira-gallery-position-overlay  envira-gallery-bottom-left\"><\/div><div class=\"envira-gallery-position-overlay  envira-gallery-bottom-right\"><\/div><a href=\"http:\/\/charplexe.ca\/wp-content\/uploads\/2019\/11\/18-415-Mont-Laval-vue-4-SDB.jpg\" class=\"envira-gallery-2061 envira-gallery-link\" rel=\"enviragallery2061\" title=\"Salle de bain\" data-envira-caption=\"Salle de bain\" data-envira-retina=\"\" data-thumbnail=\"\"  itemprop=\"contentUrl\"><img decoding=\"async\" id=\"envira-gallery-image-2067\" class=\"envira-gallery-image envira-gallery-image-6 envira-normal envira-lazy\" data-envira-index=\"6\" src=\"https:\/\/charplexe.ca\/wp-content\/uploads\/2019\/11\/18-415-Mont-Laval-vue-4-SDB.jpg\" data-envira-src=\"https:\/\/charplexe.ca\/wp-content\/uploads\/2019\/11\/18-415-Mont-Laval-vue-4-SDB.jpg\" data-envira-gallery-id=\"2061\" data-envira-item-id=\"2067\" data-envira-caption=\"Salle de bain\" alt=\"\" title=\"Salle de bain\"  itemprop=\"thumbnailUrl\" data-envira-srcset=\"https:\/\/charplexe.ca\/wp-content\/uploads\/2019\/11\/18-415-Mont-Laval-vue-4-SDB.jpg 400w,https:\/\/charplexe.ca\/wp-content\/uploads\/2019\/11\/18-415-Mont-Laval-vue-4-SDB.jpg 2x\" data-envira-width=\"300\" data-envira-height=\"200\" srcset=\"data:image\/gif;base64,R0lGODlhAQABAIAAAP\/\/\/\/\/\/\/yH5BAEKAAEALAAAAAABAAEAAAICTAEAOw==\" data-safe-src=\"data:image\/gif;base64,R0lGODlhAQABAIAAAP\/\/\/\/\/\/\/yH5BAEKAAEALAAAAAABAAEAAAICTAEAOw==\" \/><\/a><\/div><\/div><\/div><\/div><noscript><img decoding=\"async\" src=\"https:\/\/charplexe.ca\/wp-content\/uploads\/2019\/11\/18-415-cuisine-1.jpg\" alt=\"\" \/><img decoding=\"async\" src=\"https:\/\/charplexe.ca\/wp-content\/uploads\/2019\/11\/18-415-espace-vie-1.jpg\" alt=\"\" \/><img decoding=\"async\" src=\"https:\/\/charplexe.ca\/wp-content\/uploads\/2019\/11\/18-415-espace-vie-2-1.jpg\" alt=\"\" \/><img decoding=\"async\" src=\"https:\/\/charplexe.ca\/wp-content\/uploads\/2019\/11\/18-415-Mont-Laval-vue-3-chambre-1.jpg\" alt=\"\" \/><img decoding=\"async\" src=\"https:\/\/charplexe.ca\/wp-content\/uploads\/2019\/11\/18-415-Mont-Laval-vue-3-chambre-2.jpg\" alt=\"\" \/><img decoding=\"async\" src=\"https:\/\/charplexe.ca\/wp-content\/uploads\/2019\/11\/18-415-Mont-Laval-vue-4-SDB.jpg\" alt=\"\" \/><\/noscript><\/p>\n<h5><\/h5>\n<h5><strong><u>CONTACTEZ-NOUS<\/u><\/strong><\/h5>\n<p>Pour en conna\u00eetre davantage sur ce projet contactez une de nos repr\u00e9sentantes qui se feront un plaisir de vous renseigner :<\/p>\n<p>514-577-4514\u00a0<a href=\"mailto:medenis@lelogeur.com\" target=\"_blank\" rel=\"noopener noreferrer\">medenis@lelogeur.com<\/a><\/p>\n","protected":false},"excerpt":{"rendered":"<p>NOS CONDOS ET PENTHOUSES PLANS PLANCHERS 3 \u00bd\u00a0:\u00a0 834 \u00e0 878 pi2 4 \u00bd\u00a0:\u00a0 1031 pi2 5 \u00bd et 5 \u00bd Penthouse\u00a0:\u00a0 1696 \u00e0 1865 pi2 Ce nouveau d\u00e9veloppement de condominium de la Phase III, vous offre des appartements uniques et modernes de grandeur 3 \u00bd, 4 \u00bd, 5 \u00bd et 5 \u00bd Penthouse.\u00a0 Nos [&hellip;]<\/p>\n","protected":false},"author":8,"featured_media":0,"parent":0,"menu_order":0,"comment_status":"closed","ping_status":"closed","template":"","meta":{"footnotes":""},"class_list":["post-2506","page","type-page","status-publish","hentry"],"translation":{"provider":"WPGlobus","version":"3.0.2","language":"en","enabled_languages":["fr","en"],"languages":{"fr":{"title":true,"content":true,"excerpt":false},"en":{"title":false,"content":false,"excerpt":false}}},"_links":{"self":[{"href":"https:\/\/charplexe.ca\/en\/wp-json\/wp\/v2\/pages\/2506","targetHints":{"allow":["GET"]}}],"collection":[{"href":"https:\/\/charplexe.ca\/en\/wp-json\/wp\/v2\/pages"}],"about":[{"href":"https:\/\/charplexe.ca\/en\/wp-json\/wp\/v2\/types\/page"}],"author":[{"embeddable":true,"href":"https:\/\/charplexe.ca\/en\/wp-json\/wp\/v2\/users\/8"}],"replies":[{"embeddable":true,"href":"https:\/\/charplexe.ca\/en\/wp-json\/wp\/v2\/comments?post=2506"}],"version-history":[{"count":5,"href":"https:\/\/charplexe.ca\/en\/wp-json\/wp\/v2\/pages\/2506\/revisions"}],"predecessor-version":[{"id":3228,"href":"https:\/\/charplexe.ca\/en\/wp-json\/wp\/v2\/pages\/2506\/revisions\/3228"}],"wp:attachment":[{"href":"https:\/\/charplexe.ca\/en\/wp-json\/wp\/v2\/media?parent=2506"}],"curies":[{"name":"wp","href":"https:\/\/api.w.org\/{rel}","templated":true}]}}