{"id":2677,"date":"2020-03-23T21:08:22","date_gmt":"2020-03-24T01:08:22","guid":{"rendered":"http:\/\/charplexe.ca\/?page_id=2677"},"modified":"2021-06-16T10:55:56","modified_gmt":"2021-06-16T14:55:56","slug":"projet-rue-des-melezes-rosemere","status":"publish","type":"page","link":"https:\/\/charplexe.ca\/en\/projet-rue-des-melezes-rosemere\/","title":{"rendered":"Projet rue des M\u00e9l\u00e8zes &#8211; Rosem\u00e8re"},"content":{"rendered":"<h5 style=\"text-align: center;\"><b>VENDU<\/b>, <b>PROJET COMPL\u00c9T\u00c9 \u00c0 100%<\/b><\/h5>\n<p style=\"text-align: center;\">Constructions Gab &amp; Charplexe Inc., dont la r\u00e9putation n&#8217;est plus \u00e0 faire avec plus de 25 ann\u00e9es d&#8217;exp\u00e9rience et des milliers d&#8217;habitations construites sur le territoire de Laval et Rive-Nord, vous propose des terrains de choix nouvellement disponibles pour nouvelles constructions, dans ce projet de la &#8220;<b>rue\u00a0<strong>Des M\u00e9l\u00e8zes&#8221;<\/strong><\/b>\u00a0\u00e0 Rosem\u00e8re.\u00a0<u><\/u><u><\/u><\/p>\n<p style=\"text-align: center;\"><u><\/u>\u00a0<u><\/u><\/p>\n<p style=\"text-align: center;\">Ce secteur r\u00e9sidentiel, paisible et familial est strat\u00e9giquement bien situ\u00e9 \u00e0 2 pas de tous les services dont la Place Rosem\u00e8re, des \u00e9piceries, autobus, restos et des grandes art\u00e8res dont les autoroutes 15 et 640 et les boulevards Cur\u00e9-Labelle et Grande-C\u00f4te.\u00a0<u><\/u><u><\/u><\/p>\n<p style=\"text-align: center;\"><u><\/u>\u00a0<u><\/u><\/p>\n<p style=\"text-align: center;\">Un magnifique secteur o\u00f9 il fait bon vivre en toute s\u00e9curit\u00e9, pour vous et votre famille !!!<\/p>\n<p><a href=\"http:\/\/charplexe.ca\/wp-content\/uploads\/2020\/03\/Mappes-lots-M\u00e9l\u00e8zes.jpg\"><img loading=\"lazy\" decoding=\"async\" class=\"wp-image-2673 aligncenter\" src=\"http:\/\/charplexe.ca\/wp-content\/uploads\/2020\/03\/Mappes-lots-M\u00e9l\u00e8zes.jpg\" alt=\"\" width=\"626\" height=\"452\" srcset=\"https:\/\/charplexe.ca\/wp-content\/uploads\/2020\/03\/Mappes-lots-M\u00e9l\u00e8zes.jpg 866w, https:\/\/charplexe.ca\/wp-content\/uploads\/2020\/03\/Mappes-lots-M\u00e9l\u00e8zes-300x217.jpg 300w, https:\/\/charplexe.ca\/wp-content\/uploads\/2020\/03\/Mappes-lots-M\u00e9l\u00e8zes-768x554.jpg 768w\" sizes=\"auto, (max-width: 626px) 100vw, 626px\" \/><\/a><\/p>\n<h4><\/h4>\n<h4><\/h4>\n<h4 style=\"text-align: center;\">D\u00e9couvrez nos mod\u00e8les :<\/h4>\n<h4 style=\"text-align: center;\"><a href=\"http:\/\/charplexe.ca\/projet-rue-des-melezes-rosemere-%E2%80%8Elotus-4150-gd\/\">LOTUS 4150 GD 4 CAC\u00a0<\/a> \u00a0 <a href=\"http:\/\/charplexe.ca\/projet-rue-des-melezes-rosemere-zen-gd\">ZEN GD 3 CAC<\/a><\/h4>\n<h5><strong><u>INFORMATIONS<\/u><\/strong><\/h5>\n<p style=\"font-weight: 400;\"><b>Contactez-nous pour conna\u00eetre nos autres projets en cours et futurs au 514-461-1200.<\/b><\/p>\n<p><strong>\u00a0<\/strong><\/p>\n","protected":false},"excerpt":{"rendered":"<p>VENDU, PROJET COMPL\u00c9T\u00c9 \u00c0 100% Constructions Gab &amp; Charplexe Inc., dont la r\u00e9putation n&#8217;est plus \u00e0 faire avec plus de 25 ann\u00e9es d&#8217;exp\u00e9rience et des milliers d&#8217;habitations construites sur le territoire de Laval et Rive-Nord, vous propose des terrains de choix nouvellement disponibles pour nouvelles constructions, dans ce projet de la &#8220;rue\u00a0Des M\u00e9l\u00e8zes&#8221;\u00a0\u00e0 Rosem\u00e8re.\u00a0 \u00a0 [&hellip;]<\/p>\n","protected":false},"author":8,"featured_media":0,"parent":0,"menu_order":0,"comment_status":"closed","ping_status":"closed","template":"","meta":{"footnotes":""},"class_list":["post-2677","page","type-page","status-publish","hentry"],"translation":{"provider":"WPGlobus","version":"3.0.2","language":"en","enabled_languages":["fr","en"],"languages":{"fr":{"title":true,"content":true,"excerpt":false},"en":{"title":false,"content":false,"excerpt":false}}},"_links":{"self":[{"href":"https:\/\/charplexe.ca\/en\/wp-json\/wp\/v2\/pages\/2677","targetHints":{"allow":["GET"]}}],"collection":[{"href":"https:\/\/charplexe.ca\/en\/wp-json\/wp\/v2\/pages"}],"about":[{"href":"https:\/\/charplexe.ca\/en\/wp-json\/wp\/v2\/types\/page"}],"author":[{"embeddable":true,"href":"https:\/\/charplexe.ca\/en\/wp-json\/wp\/v2\/users\/8"}],"replies":[{"embeddable":true,"href":"https:\/\/charplexe.ca\/en\/wp-json\/wp\/v2\/comments?post=2677"}],"version-history":[{"count":5,"href":"https:\/\/charplexe.ca\/en\/wp-json\/wp\/v2\/pages\/2677\/revisions"}],"predecessor-version":[{"id":3450,"href":"https:\/\/charplexe.ca\/en\/wp-json\/wp\/v2\/pages\/2677\/revisions\/3450"}],"wp:attachment":[{"href":"https:\/\/charplexe.ca\/en\/wp-json\/wp\/v2\/media?parent=2677"}],"curies":[{"name":"wp","href":"https:\/\/api.w.org\/{rel}","templated":true}]}}