{"id":3396,"date":"2021-04-21T17:43:48","date_gmt":"2021-04-21T21:43:48","guid":{"rendered":"http:\/\/charplexe.ca\/?page_id=3396"},"modified":"2021-06-16T10:59:10","modified_gmt":"2021-06-16T14:59:10","slug":"le-pomerol","status":"publish","type":"page","link":"https:\/\/charplexe.ca\/en\/le-pomerol\/","title":{"rendered":"Le Pomerol &#8211; 4 Plex et 12 Plex"},"content":{"rendered":"<p>NOUVEAU PROJET DE MULTIPLEX<\/p>\n<div class=\"WordSection1\">\n<h5 style=\"text-align: center;\"><b>VENDU, PROJET COMPL\u00c9T\u00c9 \u00c0 100%<\/b><\/h5>\n<p><em>Gab<\/em><em>-Charplexe<\/em> vous propose son nouveau projet d\u2019immeubles \u00e0 revenus 12Plex \u00e0 Boisbriand (peut aussi \u00eatre vendu subdivis\u00e9s en 4Plex).<\/p>\n<p>Situ\u00e9 au 255 Mont\u00e9e Sanche (coin Pomerol) dans un quartier paisible et familial, le\u00a0projet<strong><em> Le Pomerol<\/em><\/strong>\u00a0est facilement accessible par les autoroutes 15 et 640 et est \u00e0 proximit\u00e9 des principaux boulevards Labelle, Grande-C\u00f4te et Grande-All\u00e9e.<\/p>\n<p>Les futurs locataires de ces superbes immeubles seront heureux d\u2019\u00eatre \u00e0 2 pas du centre commercial de la Place Rosem\u00e8re, du Faubourg Boisbriand, de divers parcs, pistes cyclables, \u00e9coles primaires et secondaires, d\u2019un centre de sant\u00e9 (SPA), des restaurants branch\u00e9s et de tous les services.\u00a0 De tout, pour tous les go\u00fbts.<\/p>\n<p><strong>4 Plex<\/strong>\u00a0: \u00a0\u00a01 X 3 \u00bd, 2 X 4 \u00bd et 1 X 5 \u00bd<br \/>\n<strong>12 Plex<\/strong>\u00a0: 3 X 3 \u00bd, 6 X 4 \u00bd et 3 X 5 \u00bd<\/p>\n<p>Tous les logements poss\u00e8dent un espace de stationnement int\u00e9rieur et unit\u00e9 de rangement priv\u00e9e au garage. \u00a0Tous les 4 \u00bd et les 5 \u00bd ont aussi chacun 2 salles de bain compl\u00e8tes.<\/p>\n<p>Un service de gestion locative compl\u00e8te par une entreprise professionnelle et sp\u00e9cialis\u00e9e dans le domaine, est aussi inclus pendant 5 ans.<\/p>\n<\/div>\n<h3>Galerie<\/h3>\n<p><a href=\"http:\/\/charplexe.ca\/wp-content\/uploads\/2021\/04\/Photo-perspective-2021.jpg\"><img loading=\"lazy\" decoding=\"async\" class=\"wp-image-3400 alignnone\" src=\"http:\/\/charplexe.ca\/wp-content\/uploads\/2021\/04\/Photo-perspective-2021-300x186.jpg\" alt=\"Projet Charplexe - Le Pomerlo\" width=\"531\" height=\"329\" srcset=\"https:\/\/charplexe.ca\/wp-content\/uploads\/2021\/04\/Photo-perspective-2021-300x186.jpg 300w, https:\/\/charplexe.ca\/wp-content\/uploads\/2021\/04\/Photo-perspective-2021-1024x633.jpg 1024w, https:\/\/charplexe.ca\/wp-content\/uploads\/2021\/04\/Photo-perspective-2021-768x475.jpg 768w, https:\/\/charplexe.ca\/wp-content\/uploads\/2021\/04\/Photo-perspective-2021.jpg 1140w\" sizes=\"auto, (max-width: 531px) 100vw, 531px\" \/><\/a><\/p>\n<p><a href=\"http:\/\/charplexe.ca\/wp-content\/uploads\/2021\/04\/4.5-GAB-CHRP_101.jpg\"><img loading=\"lazy\" decoding=\"async\" class=\"size-medium wp-image-3402 alignleft\" src=\"http:\/\/charplexe.ca\/wp-content\/uploads\/2021\/04\/4.5-GAB-CHRP_101-256x300.jpg\" alt=\"Projet Charplexe - Le Pomerlo\" width=\"256\" height=\"300\" srcset=\"https:\/\/charplexe.ca\/wp-content\/uploads\/2021\/04\/4.5-GAB-CHRP_101-256x300.jpg 256w, https:\/\/charplexe.ca\/wp-content\/uploads\/2021\/04\/4.5-GAB-CHRP_101-873x1024.jpg 873w, https:\/\/charplexe.ca\/wp-content\/uploads\/2021\/04\/4.5-GAB-CHRP_101-768x900.jpg 768w, https:\/\/charplexe.ca\/wp-content\/uploads\/2021\/04\/4.5-GAB-CHRP_101-1310x1536.jpg 1310w, https:\/\/charplexe.ca\/wp-content\/uploads\/2021\/04\/4.5-GAB-CHRP_101.jpg 1700w\" sizes=\"auto, (max-width: 256px) 100vw, 256px\" \/><\/a><a href=\"http:\/\/charplexe.ca\/wp-content\/uploads\/2021\/04\/3.5_GAB-CHRP-103.jpg\"><img loading=\"lazy\" decoding=\"async\" class=\"size-medium wp-image-3403 alignleft\" src=\"http:\/\/charplexe.ca\/wp-content\/uploads\/2021\/04\/3.5_GAB-CHRP-103-258x300.jpg\" alt=\"Projet Charplexe - Le Pomerlo\" width=\"258\" height=\"300\" srcset=\"https:\/\/charplexe.ca\/wp-content\/uploads\/2021\/04\/3.5_GAB-CHRP-103-258x300.jpg 258w, https:\/\/charplexe.ca\/wp-content\/uploads\/2021\/04\/3.5_GAB-CHRP-103-882x1024.jpg 882w, https:\/\/charplexe.ca\/wp-content\/uploads\/2021\/04\/3.5_GAB-CHRP-103-768x892.jpg 768w, https:\/\/charplexe.ca\/wp-content\/uploads\/2021\/04\/3.5_GAB-CHRP-103-1323x1536.jpg 1323w, https:\/\/charplexe.ca\/wp-content\/uploads\/2021\/04\/3.5_GAB-CHRP-103.jpg 1700w\" sizes=\"auto, (max-width: 258px) 100vw, 258px\" \/><\/a><a href=\"http:\/\/charplexe.ca\/wp-content\/uploads\/2021\/04\/5.5-GAB-CHRP_-104.jpg\"><img loading=\"lazy\" decoding=\"async\" class=\"size-medium wp-image-3401 alignleft\" src=\"http:\/\/charplexe.ca\/wp-content\/uploads\/2021\/04\/5.5-GAB-CHRP_-104-251x300.jpg\" alt=\"Projet Charplexe - Le Pomerlo\" width=\"251\" height=\"300\" srcset=\"https:\/\/charplexe.ca\/wp-content\/uploads\/2021\/04\/5.5-GAB-CHRP_-104-251x300.jpg 251w, https:\/\/charplexe.ca\/wp-content\/uploads\/2021\/04\/5.5-GAB-CHRP_-104-855x1024.jpg 855w, https:\/\/charplexe.ca\/wp-content\/uploads\/2021\/04\/5.5-GAB-CHRP_-104-768x919.jpg 768w, https:\/\/charplexe.ca\/wp-content\/uploads\/2021\/04\/5.5-GAB-CHRP_-104-1283x1536.jpg 1283w, https:\/\/charplexe.ca\/wp-content\/uploads\/2021\/04\/5.5-GAB-CHRP_-104.jpg 1700w\" sizes=\"auto, (max-width: 251px) 100vw, 251px\" \/><\/a><\/p>\n<h3 style=\"text-align: center;\"><\/h3>\n<h3><\/h3>\n<h3>Contact<\/h3>\n<p>Pour en conna\u00eetre davantage, contactez un de nos repr\u00e9sentants au <a href=\"tel:514-461-1200\">514-461-1200<\/a> ou par courriel \u00e0 <a href=\"mailto:jgaudet@charplexe.ca\">jgaudet@charplexe.ca<\/a><\/p>\n","protected":false},"excerpt":{"rendered":"<p>NOUVEAU PROJET DE MULTIPLEX VENDU, PROJET COMPL\u00c9T\u00c9 \u00c0 100% Gab-Charplexe vous propose son nouveau projet d\u2019immeubles \u00e0 revenus 12Plex \u00e0 Boisbriand (peut aussi \u00eatre vendu subdivis\u00e9s en 4Plex). Situ\u00e9 au 255 Mont\u00e9e Sanche (coin Pomerol) dans un quartier paisible et familial, le\u00a0projet Le Pomerol\u00a0est facilement accessible par les autoroutes 15 et 640 et est \u00e0 [&hellip;]<\/p>\n","protected":false},"author":8,"featured_media":0,"parent":0,"menu_order":0,"comment_status":"closed","ping_status":"closed","template":"","meta":{"footnotes":""},"class_list":["post-3396","page","type-page","status-publish","hentry"],"translation":{"provider":"WPGlobus","version":"3.0.2","language":"en","enabled_languages":["fr","en"],"languages":{"fr":{"title":true,"content":true,"excerpt":false},"en":{"title":false,"content":false,"excerpt":false}}},"_links":{"self":[{"href":"https:\/\/charplexe.ca\/en\/wp-json\/wp\/v2\/pages\/3396","targetHints":{"allow":["GET"]}}],"collection":[{"href":"https:\/\/charplexe.ca\/en\/wp-json\/wp\/v2\/pages"}],"about":[{"href":"https:\/\/charplexe.ca\/en\/wp-json\/wp\/v2\/types\/page"}],"author":[{"embeddable":true,"href":"https:\/\/charplexe.ca\/en\/wp-json\/wp\/v2\/users\/8"}],"replies":[{"embeddable":true,"href":"https:\/\/charplexe.ca\/en\/wp-json\/wp\/v2\/comments?post=3396"}],"version-history":[{"count":5,"href":"https:\/\/charplexe.ca\/en\/wp-json\/wp\/v2\/pages\/3396\/revisions"}],"predecessor-version":[{"id":3452,"href":"https:\/\/charplexe.ca\/en\/wp-json\/wp\/v2\/pages\/3396\/revisions\/3452"}],"wp:attachment":[{"href":"https:\/\/charplexe.ca\/en\/wp-json\/wp\/v2\/media?parent=3396"}],"curies":[{"name":"wp","href":"https:\/\/api.w.org\/{rel}","templated":true}]}}