{"id":3627,"date":"2022-08-15T16:07:48","date_gmt":"2022-08-15T20:07:48","guid":{"rendered":"http:\/\/charplexe.ca\/?page_id=3627"},"modified":"2022-09-29T17:15:50","modified_gmt":"2022-09-29T21:15:50","slug":"le-mimoza-103","status":"publish","type":"page","link":"https:\/\/charplexe.ca\/en\/le-mimoza-103\/","title":{"rendered":"Le Mimoza 103"},"content":{"rendered":"<p>B\u00e2timent de 103 unit\u00e9s<\/p>\n<h3>Attraits et avantages<\/h3>\n<p>Superbe immeuble \u00e0 venir de 103 unit\u00e9s situ\u00e9\u00a0\u00e0 deux pas du boulevard Arthur-Sauv\u00e9 dans un quartier calme et \u00e0 proximit\u00e9 de toutes commodit\u00e9s n\u00e9cessaires : restaurant, garderies, parcs, pistes cyclables, \u00e9piceries, SAQ Golfs et des transports : &#8211; Bus : 46, 55, 76, 903. &#8211; Autoroutes : 13, 440 et 640.<\/p>\n<p>Les unit\u00e9s ont toutes garages int\u00e9rieurs d&#8217;inclus ainsi qu&#8217;un locker, un balcon , fenestration g\u00e9n\u00e9reuse qui laisse toute la place \u00e0 un \u00e9clairage naturel.<\/p>\n<p>Espace pour laveuse-s\u00e9cheuse et lave-vaisselle, air conditionn\u00e9, ascenseur, Wifi et eau chaude inclus!<\/p>\n<p>Voisin du Golf UFO, \u00e0 proximit\u00e9 des \u00e9coles, \u00e9picerie, acc\u00e8s aux autoroutes et aux services de transports en commun.<\/p>\n<p>3 1\/2 : 562 \u00e0 606 pi2<br \/>\n4 1\/2 : 782 \u00e0 1 100 pi2<\/p>\n<h3>Galerie<\/h3>\n<p><a href=\"http:\/\/charplexe.ca\/wp-content\/uploads\/2022\/08\/255837385_4509815195762811_229027728090691163_n.jpeg\"><img loading=\"lazy\" decoding=\"async\" class=\"alignnone size-medium wp-image-3635\" src=\"http:\/\/charplexe.ca\/wp-content\/uploads\/2022\/08\/255837385_4509815195762811_229027728090691163_n-300x166.jpeg\" alt=\"\" width=\"300\" height=\"166\" srcset=\"https:\/\/charplexe.ca\/wp-content\/uploads\/2022\/08\/255837385_4509815195762811_229027728090691163_n-300x166.jpeg 300w, https:\/\/charplexe.ca\/wp-content\/uploads\/2022\/08\/255837385_4509815195762811_229027728090691163_n-768x426.jpeg 768w, https:\/\/charplexe.ca\/wp-content\/uploads\/2022\/08\/255837385_4509815195762811_229027728090691163_n.jpeg 960w\" sizes=\"auto, (max-width: 300px) 100vw, 300px\" \/><\/a><a href=\"http:\/\/charplexe.ca\/wp-content\/uploads\/2022\/08\/256063287_5023988614298661_4053543801412374755_n.jpeg\"><img loading=\"lazy\" decoding=\"async\" class=\"alignnone size-medium wp-image-3638\" src=\"http:\/\/charplexe.ca\/wp-content\/uploads\/2022\/08\/256063287_5023988614298661_4053543801412374755_n-300x167.jpeg\" alt=\"\" width=\"300\" height=\"167\" srcset=\"https:\/\/charplexe.ca\/wp-content\/uploads\/2022\/08\/256063287_5023988614298661_4053543801412374755_n-300x167.jpeg 300w, https:\/\/charplexe.ca\/wp-content\/uploads\/2022\/08\/256063287_5023988614298661_4053543801412374755_n-768x426.jpeg 768w, https:\/\/charplexe.ca\/wp-content\/uploads\/2022\/08\/256063287_5023988614298661_4053543801412374755_n.jpeg 960w\" sizes=\"auto, (max-width: 300px) 100vw, 300px\" \/><\/a><a href=\"http:\/\/charplexe.ca\/wp-content\/uploads\/2022\/08\/256373942_4441252459315982_2677852556793369379_n.jpeg\"><img loading=\"lazy\" decoding=\"async\" class=\"alignnone size-medium wp-image-3639\" src=\"http:\/\/charplexe.ca\/wp-content\/uploads\/2022\/08\/256373942_4441252459315982_2677852556793369379_n-300x166.jpeg\" alt=\"\" width=\"300\" height=\"166\" srcset=\"https:\/\/charplexe.ca\/wp-content\/uploads\/2022\/08\/256373942_4441252459315982_2677852556793369379_n-300x166.jpeg 300w, https:\/\/charplexe.ca\/wp-content\/uploads\/2022\/08\/256373942_4441252459315982_2677852556793369379_n-768x424.jpeg 768w, https:\/\/charplexe.ca\/wp-content\/uploads\/2022\/08\/256373942_4441252459315982_2677852556793369379_n.jpeg 960w\" sizes=\"auto, (max-width: 300px) 100vw, 300px\" \/><\/a><a href=\"http:\/\/charplexe.ca\/wp-content\/uploads\/2022\/08\/254975114_4554844554636646_8573739085952790682_n.jpeg\"><img loading=\"lazy\" decoding=\"async\" class=\"alignnone size-medium wp-image-3631\" src=\"http:\/\/charplexe.ca\/wp-content\/uploads\/2022\/08\/254975114_4554844554636646_8573739085952790682_n-300x168.jpeg\" alt=\"\" width=\"300\" height=\"168\" srcset=\"https:\/\/charplexe.ca\/wp-content\/uploads\/2022\/08\/254975114_4554844554636646_8573739085952790682_n-300x168.jpeg 300w, https:\/\/charplexe.ca\/wp-content\/uploads\/2022\/08\/254975114_4554844554636646_8573739085952790682_n-768x431.jpeg 768w, https:\/\/charplexe.ca\/wp-content\/uploads\/2022\/08\/254975114_4554844554636646_8573739085952790682_n.jpeg 960w\" sizes=\"auto, (max-width: 300px) 100vw, 300px\" \/><\/a><\/p>\n<h3>Plans<\/h3>\n<p><a href=\"http:\/\/charplexe.ca\/wp-content\/uploads\/2022\/08\/255546563_4732450583484471_349909379396765896_n.jpeg\"><img loading=\"lazy\" decoding=\"async\" class=\"alignnone size-medium wp-image-3632\" src=\"http:\/\/charplexe.ca\/wp-content\/uploads\/2022\/08\/255546563_4732450583484471_349909379396765896_n-235x300.jpeg\" alt=\"\" width=\"235\" height=\"300\" srcset=\"https:\/\/charplexe.ca\/wp-content\/uploads\/2022\/08\/255546563_4732450583484471_349909379396765896_n-235x300.jpeg 235w, https:\/\/charplexe.ca\/wp-content\/uploads\/2022\/08\/255546563_4732450583484471_349909379396765896_n.jpeg 751w\" sizes=\"auto, (max-width: 235px) 100vw, 235px\" \/><\/a> <a href=\"http:\/\/charplexe.ca\/wp-content\/uploads\/2022\/08\/255583750_6408126695925339_5985341408608977296_n.jpeg\"><img loading=\"lazy\" decoding=\"async\" class=\"alignnone size-medium wp-image-3633\" src=\"http:\/\/charplexe.ca\/wp-content\/uploads\/2022\/08\/255583750_6408126695925339_5985341408608977296_n-218x300.jpeg\" alt=\"\" width=\"218\" height=\"300\" srcset=\"https:\/\/charplexe.ca\/wp-content\/uploads\/2022\/08\/255583750_6408126695925339_5985341408608977296_n-218x300.jpeg 218w, https:\/\/charplexe.ca\/wp-content\/uploads\/2022\/08\/255583750_6408126695925339_5985341408608977296_n.jpeg 699w\" sizes=\"auto, (max-width: 218px) 100vw, 218px\" \/><\/a> <a href=\"http:\/\/charplexe.ca\/wp-content\/uploads\/2022\/08\/255837385_6442306645843737_4597031047574614010_n.jpeg\"><img loading=\"lazy\" decoding=\"async\" class=\"alignnone wp-image-3636\" src=\"http:\/\/charplexe.ca\/wp-content\/uploads\/2022\/08\/255837385_6442306645843737_4597031047574614010_n-300x75.jpeg\" alt=\"\" width=\"544\" height=\"136\" srcset=\"https:\/\/charplexe.ca\/wp-content\/uploads\/2022\/08\/255837385_6442306645843737_4597031047574614010_n-300x75.jpeg 300w, https:\/\/charplexe.ca\/wp-content\/uploads\/2022\/08\/255837385_6442306645843737_4597031047574614010_n-768x192.jpeg 768w, https:\/\/charplexe.ca\/wp-content\/uploads\/2022\/08\/255837385_6442306645843737_4597031047574614010_n.jpeg 960w\" sizes=\"auto, (max-width: 544px) 100vw, 544px\" \/><\/a><\/p>\n<h3>Contact<\/h3>\n<p>Pour plus d\u2019informations sur le projet ou pour rejoindre un de nos repr\u00e9sentants, contactez le <b><a href=\"tel:4389786313\">514-554-1514<\/a> ou par courriel \u00e0 <a title=\"mailto:info@lelogeur.com\" contenteditable=\"false\" href=\"mailto:info@lelogeur.com\">info@lelogeur.com<\/a><\/b><\/p>\n<p><iframe loading=\"lazy\" style=\"border: 0;\" src=\"https:\/\/www.google.com\/maps\/embed?pb=!1m18!1m12!1m3!1d2794.0924419753205!2d-73.8681057!3d45.5484659!2m3!1f0!2f0!3f0!3m2!1i1024!2i768!4f13.1!3m3!1m2!1s0x4cc92512113ca1fb%3A0x53101e1a652e0991!2s3875%2056e%20Rue%2C%20Laval%2C%20QC%20H7R%201M5!5e0!3m2!1sfr!2sca!4v1660593273154!5m2!1sfr!2sca\" width=\"600\" height=\"450\" allowfullscreen=\"allowfullscreen\"><\/iframe><\/p>\n","protected":false},"excerpt":{"rendered":"<p>B\u00e2timent de 103 unit\u00e9s Attraits et avantages Superbe immeuble \u00e0 venir de 103 unit\u00e9s situ\u00e9\u00a0\u00e0 deux pas du boulevard Arthur-Sauv\u00e9 dans un quartier calme et \u00e0 proximit\u00e9 de toutes commodit\u00e9s n\u00e9cessaires : restaurant, garderies, parcs, pistes cyclables, \u00e9piceries, SAQ Golfs et des transports : &#8211; Bus : 46, 55, 76, 903. &#8211; Autoroutes : 13, [&hellip;]<\/p>\n","protected":false},"author":8,"featured_media":0,"parent":0,"menu_order":0,"comment_status":"closed","ping_status":"closed","template":"","meta":{"footnotes":""},"class_list":["post-3627","page","type-page","status-publish","hentry"],"translation":{"provider":"WPGlobus","version":"3.0.2","language":"en","enabled_languages":["fr","en"],"languages":{"fr":{"title":true,"content":true,"excerpt":false},"en":{"title":false,"content":false,"excerpt":false}}},"_links":{"self":[{"href":"https:\/\/charplexe.ca\/en\/wp-json\/wp\/v2\/pages\/3627","targetHints":{"allow":["GET"]}}],"collection":[{"href":"https:\/\/charplexe.ca\/en\/wp-json\/wp\/v2\/pages"}],"about":[{"href":"https:\/\/charplexe.ca\/en\/wp-json\/wp\/v2\/types\/page"}],"author":[{"embeddable":true,"href":"https:\/\/charplexe.ca\/en\/wp-json\/wp\/v2\/users\/8"}],"replies":[{"embeddable":true,"href":"https:\/\/charplexe.ca\/en\/wp-json\/wp\/v2\/comments?post=3627"}],"version-history":[{"count":5,"href":"https:\/\/charplexe.ca\/en\/wp-json\/wp\/v2\/pages\/3627\/revisions"}],"predecessor-version":[{"id":3665,"href":"https:\/\/charplexe.ca\/en\/wp-json\/wp\/v2\/pages\/3627\/revisions\/3665"}],"wp:attachment":[{"href":"https:\/\/charplexe.ca\/en\/wp-json\/wp\/v2\/media?parent=3627"}],"curies":[{"name":"wp","href":"https:\/\/api.w.org\/{rel}","templated":true}]}}